{"id":913,"date":"2024-01-02T19:28:44","date_gmt":"2024-01-02T18:28:44","guid":{"rendered":"https:\/\/nikologs.ch\/?post_type=product&#038;p=913"},"modified":"2024-01-22T16:57:08","modified_gmt":"2024-01-22T15:57:08","slug":"lightlog-stimmungsvolle-wandleuchte-aus-massivholz","status":"publish","type":"product","link":"https:\/\/nikologs.ch\/de\/shop\/lightlog-stimmungsvolle-wandleuchte-aus-massivholz\/","title":{"rendered":"&#8222;LightLog&#8220; &#8211; Stimmungsvolle Wandleuchte aus Massivholz"},"content":{"rendered":"<p>Das Arvenholz (Pinus cembra), das f\u00fcr die Herstellung dieser Lampe verwendet wird, enth\u00e4lt \u00e4therische \u00d6le, die Stress abbauen, die Herzfrequenz senken und die Atemwege st\u00e4rken. Das Holz stammt ausschlie\u00dflich aus der Schweiz. Seine Qualit\u00e4ten waren den Bewohnern der Alpenregionen schon seit langem bekannt und wurden in j\u00fcngster Zeit durch wissenschaftliche Studien[1] best\u00e4tigt. Diese haben auch die bakterizide Wirkung des Lignins und der nat\u00fcrlichen Bestandteile des Holzes belegt. Die Herstellung von LightLog erfolgt zu 100 % auf nat\u00fcrliche und lokale Weise.<\/p>\n<p><a name=\"_ftn1\"><\/a><a href=\"#_ftnref1\">[1]<\/a> Ernst Z\u00fcrcher. 2016. \u00ab Le climat forestier, le bois d\u2019arolle et la physiologie humaine : sommeil, qualit\u00e9 de vie et sant\u00e9 \u00bb, Les Arbres, entre visible et invisible. Pages 186 &#8211; 19<\/p>\n","protected":false},"excerpt":{"rendered":"<p>Diese kleine Stimmungslampe aus Arvenholz bringt ein ruhiges und ged\u00e4mpftes Gef\u00fchl mit sich. Sie wurde in Handarbeit gefertigt und jedes St\u00fcck Holz ist ein Unikat. Der Duft, der vom Holz ausgeht, erinnert Sie an den Wald und sein entspannendes Klima. 2m Kabel mit Schalter, 2,5w LED-Gl\u00fchbirne.<\/p>\n","protected":false},"featured_media":572,"comment_status":"open","ping_status":"closed","template":"","meta":{"_acf_changed":false},"product_brand":[],"product_cat":[35],"product_tag":[],"product_label":[],"class_list":{"0":"post-913","1":"product","2":"type-product","3":"status-publish","4":"has-post-thumbnail","6":"product_cat-unklassifiziert","8":"first","9":"instock","10":"taxable","11":"shipping-taxable","12":"purchasable","13":"product-type-simple"},"acf":[],"yoast_head":"<!-- This site is optimized with the Yoast SEO plugin v27.2 - https:\/\/yoast.com\/product\/yoast-seo-wordpress\/ -->\n<title>&quot;LightLog&quot; - Stimmungsvolle Wandleuchte aus Massivholz &#8211; Niko Logs<\/title>\n<meta name=\"robots\" content=\"index, follow, max-snippet:-1, max-image-preview:large, max-video-preview:-1\" \/>\n<link rel=\"canonical\" href=\"https:\/\/nikologs.ch\/de\/shop\/lightlog-stimmungsvolle-wandleuchte-aus-massivholz\/\" \/>\n<meta property=\"og:locale\" content=\"de_DE\" \/>\n<meta property=\"og:type\" content=\"article\" \/>\n<meta property=\"og:title\" content=\"&quot;LightLog&quot; - Stimmungsvolle Wandleuchte aus Massivholz &#8211; Niko Logs\" \/>\n<meta property=\"og:description\" content=\"Diese kleine Stimmungslampe aus Arvenholz bringt ein ruhiges und ged\u00e4mpftes Gef\u00fchl mit sich. Sie wurde in Handarbeit gefertigt und jedes St\u00fcck Holz ist ein Unikat. Der Duft, der vom Holz ausgeht, erinnert Sie an den Wald und sein entspannendes Klima. 2m Kabel mit Schalter, 2,5w LED-Gl\u00fchbirne.\" \/>\n<meta property=\"og:url\" content=\"https:\/\/nikologs.ch\/de\/shop\/lightlog-stimmungsvolle-wandleuchte-aus-massivholz\/\" \/>\n<meta property=\"og:site_name\" content=\"Niko Logs\" \/>\n<meta property=\"article:publisher\" content=\"https:\/\/www.facebook.com\/NikoLogs\" \/>\n<meta property=\"article:modified_time\" content=\"2024-01-22T15:57:08+00:00\" \/>\n<meta property=\"og:image\" content=\"https:\/\/nikologs.ch\/wp-content\/uploads\/2024\/01\/20231229_174231-1-900x1200.jpg\" \/>\n\t<meta property=\"og:image:width\" content=\"900\" \/>\n\t<meta property=\"og:image:height\" content=\"1200\" \/>\n\t<meta property=\"og:image:type\" content=\"image\/jpeg\" \/>\n<meta name=\"twitter:card\" content=\"summary_large_image\" \/>\n<meta name=\"twitter:label1\" content=\"Gesch\u00e4tzte Lesezeit\" \/>\n\t<meta name=\"twitter:data1\" content=\"1\u00a0Minute\" \/>\n<script type=\"application\/ld+json\" class=\"yoast-schema-graph\">{\"@context\":\"https:\/\/schema.org\",\"@graph\":[{\"@type\":\"WebPage\",\"@id\":\"https:\/\/nikologs.ch\/de\/shop\/lightlog-stimmungsvolle-wandleuchte-aus-massivholz\/\",\"url\":\"https:\/\/nikologs.ch\/de\/shop\/lightlog-stimmungsvolle-wandleuchte-aus-massivholz\/\",\"name\":\"\\\"LightLog\\\" - Stimmungsvolle Wandleuchte aus Massivholz &#8211; Niko Logs\",\"isPartOf\":{\"@id\":\"https:\/\/nikologs.ch\/de\/#website\"},\"primaryImageOfPage\":{\"@id\":\"https:\/\/nikologs.ch\/de\/shop\/lightlog-stimmungsvolle-wandleuchte-aus-massivholz\/#primaryimage\"},\"image\":{\"@id\":\"https:\/\/nikologs.ch\/de\/shop\/lightlog-stimmungsvolle-wandleuchte-aus-massivholz\/#primaryimage\"},\"thumbnailUrl\":\"https:\/\/nikologs.ch\/wp-content\/uploads\/2024\/01\/20231229_174231-1-scaled.jpg\",\"datePublished\":\"2024-01-02T18:28:44+00:00\",\"dateModified\":\"2024-01-22T15:57:08+00:00\",\"breadcrumb\":{\"@id\":\"https:\/\/nikologs.ch\/de\/shop\/lightlog-stimmungsvolle-wandleuchte-aus-massivholz\/#breadcrumb\"},\"inLanguage\":\"de\",\"potentialAction\":[{\"@type\":\"ReadAction\",\"target\":[\"https:\/\/nikologs.ch\/de\/shop\/lightlog-stimmungsvolle-wandleuchte-aus-massivholz\/\"]}]},{\"@type\":\"ImageObject\",\"inLanguage\":\"de\",\"@id\":\"https:\/\/nikologs.ch\/de\/shop\/lightlog-stimmungsvolle-wandleuchte-aus-massivholz\/#primaryimage\",\"url\":\"https:\/\/nikologs.ch\/wp-content\/uploads\/2024\/01\/20231229_174231-1-scaled.jpg\",\"contentUrl\":\"https:\/\/nikologs.ch\/wp-content\/uploads\/2024\/01\/20231229_174231-1-scaled.jpg\",\"width\":1920,\"height\":2560},{\"@type\":\"BreadcrumbList\",\"@id\":\"https:\/\/nikologs.ch\/de\/shop\/lightlog-stimmungsvolle-wandleuchte-aus-massivholz\/#breadcrumb\",\"itemListElement\":[{\"@type\":\"ListItem\",\"position\":1,\"name\":\"Accueil\",\"item\":\"https:\/\/nikologs.ch\/de\/\"},{\"@type\":\"ListItem\",\"position\":2,\"name\":\"Shop\",\"item\":\"https:\/\/nikologs.ch\/de\/shop\/\"},{\"@type\":\"ListItem\",\"position\":3,\"name\":\"\u00ab\u00a0LightLog\u00a0\u00bb &#8211; Stimmungsvolle Wandleuchte aus Massivholz\"}]},{\"@type\":\"WebSite\",\"@id\":\"https:\/\/nikologs.ch\/de\/#website\",\"url\":\"https:\/\/nikologs.ch\/de\/\",\"name\":\"Nikologs\",\"description\":\"Constructions en rondins bruts \u2013 Naturstamm Holzbau\",\"publisher\":{\"@id\":\"https:\/\/nikologs.ch\/de\/#organization\"},\"potentialAction\":[{\"@type\":\"SearchAction\",\"target\":{\"@type\":\"EntryPoint\",\"urlTemplate\":\"https:\/\/nikologs.ch\/de\/?s={search_term_string}\"},\"query-input\":{\"@type\":\"PropertyValueSpecification\",\"valueRequired\":true,\"valueName\":\"search_term_string\"}}],\"inLanguage\":\"de\"},{\"@type\":\"Organization\",\"@id\":\"https:\/\/nikologs.ch\/de\/#organization\",\"name\":\"Nikologs\",\"url\":\"https:\/\/nikologs.ch\/de\/\",\"logo\":{\"@type\":\"ImageObject\",\"inLanguage\":\"de\",\"@id\":\"https:\/\/nikologs.ch\/de\/#\/schema\/logo\/image\/\",\"url\":\"https:\/\/nikologs.ch\/wp-content\/uploads\/2024\/01\/logo-nikologs-1.png\",\"contentUrl\":\"https:\/\/nikologs.ch\/wp-content\/uploads\/2024\/01\/logo-nikologs-1.png\",\"width\":420,\"height\":440,\"caption\":\"Nikologs\"},\"image\":{\"@id\":\"https:\/\/nikologs.ch\/de\/#\/schema\/logo\/image\/\"},\"sameAs\":[\"https:\/\/www.facebook.com\/NikoLogs\",\"https:\/\/www.instagram.com\/nikologs.orvin\/\",\"https:\/\/www.youtube.com\/c\/NikoLogs\"]}]}<\/script>\n<!-- \/ Yoast SEO plugin. -->","yoast_head_json":{"title":"\"LightLog\" - Stimmungsvolle Wandleuchte aus Massivholz &#8211; Niko Logs","robots":{"index":"index","follow":"follow","max-snippet":"max-snippet:-1","max-image-preview":"max-image-preview:large","max-video-preview":"max-video-preview:-1"},"canonical":"https:\/\/nikologs.ch\/de\/shop\/lightlog-stimmungsvolle-wandleuchte-aus-massivholz\/","og_locale":"de_DE","og_type":"article","og_title":"\"LightLog\" - Stimmungsvolle Wandleuchte aus Massivholz &#8211; Niko Logs","og_description":"Diese kleine Stimmungslampe aus Arvenholz bringt ein ruhiges und ged\u00e4mpftes Gef\u00fchl mit sich. Sie wurde in Handarbeit gefertigt und jedes St\u00fcck Holz ist ein Unikat. Der Duft, der vom Holz ausgeht, erinnert Sie an den Wald und sein entspannendes Klima. 2m Kabel mit Schalter, 2,5w LED-Gl\u00fchbirne.","og_url":"https:\/\/nikologs.ch\/de\/shop\/lightlog-stimmungsvolle-wandleuchte-aus-massivholz\/","og_site_name":"Niko Logs","article_publisher":"https:\/\/www.facebook.com\/NikoLogs","article_modified_time":"2024-01-22T15:57:08+00:00","og_image":[{"width":900,"height":1200,"url":"https:\/\/nikologs.ch\/wp-content\/uploads\/2024\/01\/20231229_174231-1-900x1200.jpg","type":"image\/jpeg"}],"twitter_card":"summary_large_image","twitter_misc":{"Gesch\u00e4tzte Lesezeit":"1\u00a0Minute"},"schema":{"@context":"https:\/\/schema.org","@graph":[{"@type":"WebPage","@id":"https:\/\/nikologs.ch\/de\/shop\/lightlog-stimmungsvolle-wandleuchte-aus-massivholz\/","url":"https:\/\/nikologs.ch\/de\/shop\/lightlog-stimmungsvolle-wandleuchte-aus-massivholz\/","name":"\"LightLog\" - Stimmungsvolle Wandleuchte aus Massivholz &#8211; Niko Logs","isPartOf":{"@id":"https:\/\/nikologs.ch\/de\/#website"},"primaryImageOfPage":{"@id":"https:\/\/nikologs.ch\/de\/shop\/lightlog-stimmungsvolle-wandleuchte-aus-massivholz\/#primaryimage"},"image":{"@id":"https:\/\/nikologs.ch\/de\/shop\/lightlog-stimmungsvolle-wandleuchte-aus-massivholz\/#primaryimage"},"thumbnailUrl":"https:\/\/nikologs.ch\/wp-content\/uploads\/2024\/01\/20231229_174231-1-scaled.jpg","datePublished":"2024-01-02T18:28:44+00:00","dateModified":"2024-01-22T15:57:08+00:00","breadcrumb":{"@id":"https:\/\/nikologs.ch\/de\/shop\/lightlog-stimmungsvolle-wandleuchte-aus-massivholz\/#breadcrumb"},"inLanguage":"de","potentialAction":[{"@type":"ReadAction","target":["https:\/\/nikologs.ch\/de\/shop\/lightlog-stimmungsvolle-wandleuchte-aus-massivholz\/"]}]},{"@type":"ImageObject","inLanguage":"de","@id":"https:\/\/nikologs.ch\/de\/shop\/lightlog-stimmungsvolle-wandleuchte-aus-massivholz\/#primaryimage","url":"https:\/\/nikologs.ch\/wp-content\/uploads\/2024\/01\/20231229_174231-1-scaled.jpg","contentUrl":"https:\/\/nikologs.ch\/wp-content\/uploads\/2024\/01\/20231229_174231-1-scaled.jpg","width":1920,"height":2560},{"@type":"BreadcrumbList","@id":"https:\/\/nikologs.ch\/de\/shop\/lightlog-stimmungsvolle-wandleuchte-aus-massivholz\/#breadcrumb","itemListElement":[{"@type":"ListItem","position":1,"name":"Accueil","item":"https:\/\/nikologs.ch\/de\/"},{"@type":"ListItem","position":2,"name":"Shop","item":"https:\/\/nikologs.ch\/de\/shop\/"},{"@type":"ListItem","position":3,"name":"\u00ab\u00a0LightLog\u00a0\u00bb &#8211; Stimmungsvolle Wandleuchte aus Massivholz"}]},{"@type":"WebSite","@id":"https:\/\/nikologs.ch\/de\/#website","url":"https:\/\/nikologs.ch\/de\/","name":"Nikologs","description":"Constructions en rondins bruts \u2013 Naturstamm Holzbau","publisher":{"@id":"https:\/\/nikologs.ch\/de\/#organization"},"potentialAction":[{"@type":"SearchAction","target":{"@type":"EntryPoint","urlTemplate":"https:\/\/nikologs.ch\/de\/?s={search_term_string}"},"query-input":{"@type":"PropertyValueSpecification","valueRequired":true,"valueName":"search_term_string"}}],"inLanguage":"de"},{"@type":"Organization","@id":"https:\/\/nikologs.ch\/de\/#organization","name":"Nikologs","url":"https:\/\/nikologs.ch\/de\/","logo":{"@type":"ImageObject","inLanguage":"de","@id":"https:\/\/nikologs.ch\/de\/#\/schema\/logo\/image\/","url":"https:\/\/nikologs.ch\/wp-content\/uploads\/2024\/01\/logo-nikologs-1.png","contentUrl":"https:\/\/nikologs.ch\/wp-content\/uploads\/2024\/01\/logo-nikologs-1.png","width":420,"height":440,"caption":"Nikologs"},"image":{"@id":"https:\/\/nikologs.ch\/de\/#\/schema\/logo\/image\/"},"sameAs":["https:\/\/www.facebook.com\/NikoLogs","https:\/\/www.instagram.com\/nikologs.orvin\/","https:\/\/www.youtube.com\/c\/NikoLogs"]}]}},"_links":{"self":[{"href":"https:\/\/nikologs.ch\/de\/wp-json\/wp\/v2\/product\/913","targetHints":{"allow":["GET"]}}],"collection":[{"href":"https:\/\/nikologs.ch\/de\/wp-json\/wp\/v2\/product"}],"about":[{"href":"https:\/\/nikologs.ch\/de\/wp-json\/wp\/v2\/types\/product"}],"replies":[{"embeddable":true,"href":"https:\/\/nikologs.ch\/de\/wp-json\/wp\/v2\/comments?post=913"}],"wp:featuredmedia":[{"embeddable":true,"href":"https:\/\/nikologs.ch\/de\/wp-json\/wp\/v2\/media\/572"}],"wp:attachment":[{"href":"https:\/\/nikologs.ch\/de\/wp-json\/wp\/v2\/media?parent=913"}],"wp:term":[{"taxonomy":"product_brand","embeddable":true,"href":"https:\/\/nikologs.ch\/de\/wp-json\/wp\/v2\/product_brand?post=913"},{"taxonomy":"product_cat","embeddable":true,"href":"https:\/\/nikologs.ch\/de\/wp-json\/wp\/v2\/product_cat?post=913"},{"taxonomy":"product_tag","embeddable":true,"href":"https:\/\/nikologs.ch\/de\/wp-json\/wp\/v2\/product_tag?post=913"},{"taxonomy":"product_label","embeddable":true,"href":"https:\/\/nikologs.ch\/de\/wp-json\/wp\/v2\/product_label?post=913"}],"curies":[{"name":"wp","href":"https:\/\/api.w.org\/{rel}","templated":true}]}}