{"id":909,"date":"2024-01-02T20:05:12","date_gmt":"2024-01-02T19:05:12","guid":{"rendered":"https:\/\/nikologs.ch\/?post_type=product&#038;p=909"},"modified":"2026-01-17T10:08:57","modified_gmt":"2026-01-17T09:08:57","slug":"finnenkerze-50cm-klein","status":"publish","type":"product","link":"https:\/\/nikologs.ch\/de\/shop\/finnenkerze-50cm-klein\/","title":{"rendered":"Finnenkerze 50cm &#8222;klein&#8220;"},"content":{"rendered":"<p>Stellen Sie die Finnenkerze auf einer flachen, feuerfesten Oberfl\u00e4che und ausschlie\u00dflich im Freien auf. Es d\u00fcrfen sich keine brennbaren Materialien in der N\u00e4he befinden. Halten Sie einen sicheren Abstand zu Kindern und Haustieren.<\/p>\n<p>Wird nicht per Post versendet. Bitte nehmen Sie Kontakt mit uns auf, vielen Dank.<\/p>\n","protected":false},"excerpt":{"rendered":"<p>Ideal, um Ihren Veranstaltungen im Freien eine rustikale Atmosph\u00e4re zu geben. Brennt zwischen 2 und 3 Stunden. Trockenes Nadelholz, geliefert mit einem Transportseil und einem Feueranz\u00fcnder. 25 bis 30 cm Durchmesser.<\/p>\n<p>Wird nicht per Post versendet. Bitte nehmen Sie Kontakt mit uns auf, vielen Dank.<\/p>\n","protected":false},"featured_media":798,"comment_status":"open","ping_status":"closed","template":"","meta":{"_acf_changed":false},"product_brand":[],"product_cat":[35],"product_tag":[],"product_label":[],"class_list":{"0":"post-909","1":"product","2":"type-product","3":"status-publish","4":"has-post-thumbnail","6":"product_cat-unklassifiziert","7":"product_shipping_class-kein-versand-per-post","9":"first","10":"instock","11":"taxable","12":"shipping-taxable","13":"purchasable","14":"product-type-simple"},"acf":[],"yoast_head":"<!-- This site is optimized with the Yoast SEO plugin v27.2 - https:\/\/yoast.com\/product\/yoast-seo-wordpress\/ -->\n<title>Finnenkerze 50cm &quot;klein&quot; &#8211; Niko Logs<\/title>\n<meta name=\"robots\" content=\"index, follow, max-snippet:-1, max-image-preview:large, max-video-preview:-1\" \/>\n<link rel=\"canonical\" href=\"https:\/\/nikologs.ch\/de\/shop\/finnenkerze-50cm-klein\/\" \/>\n<meta property=\"og:locale\" content=\"de_DE\" \/>\n<meta property=\"og:type\" content=\"article\" \/>\n<meta property=\"og:title\" content=\"Finnenkerze 50cm &quot;klein&quot; &#8211; Niko Logs\" \/>\n<meta property=\"og:description\" content=\"Ideal, um Ihren Veranstaltungen im Freien eine rustikale Atmosph\u00e4re zu geben. Brennt zwischen 2 und 3 Stunden. Trockenes Nadelholz, geliefert mit einem Transportseil und einem Feueranz\u00fcnder. 25 bis 30 cm Durchmesser.  Wird nicht per Post versendet. Bitte nehmen Sie Kontakt mit uns auf, vielen Dank.\" \/>\n<meta property=\"og:url\" content=\"https:\/\/nikologs.ch\/de\/shop\/finnenkerze-50cm-klein\/\" \/>\n<meta property=\"og:site_name\" content=\"Niko Logs\" \/>\n<meta property=\"article:publisher\" content=\"https:\/\/www.facebook.com\/NikoLogs\" \/>\n<meta property=\"article:modified_time\" content=\"2026-01-17T09:08:57+00:00\" \/>\n<meta property=\"og:image\" content=\"https:\/\/nikologs.ch\/wp-content\/uploads\/2024\/01\/20240105_163629-881x1200.jpg\" \/>\n\t<meta property=\"og:image:width\" content=\"881\" \/>\n\t<meta property=\"og:image:height\" content=\"1200\" \/>\n\t<meta property=\"og:image:type\" content=\"image\/jpeg\" \/>\n<meta name=\"twitter:card\" content=\"summary_large_image\" \/>\n<meta name=\"twitter:label1\" content=\"Gesch\u00e4tzte Lesezeit\" \/>\n\t<meta name=\"twitter:data1\" content=\"1\u00a0Minute\" \/>\n<script type=\"application\/ld+json\" class=\"yoast-schema-graph\">{\"@context\":\"https:\/\/schema.org\",\"@graph\":[{\"@type\":\"WebPage\",\"@id\":\"https:\/\/nikologs.ch\/de\/shop\/finnenkerze-50cm-klein\/\",\"url\":\"https:\/\/nikologs.ch\/de\/shop\/finnenkerze-50cm-klein\/\",\"name\":\"Finnenkerze 50cm \\\"klein\\\" &#8211; Niko Logs\",\"isPartOf\":{\"@id\":\"https:\/\/nikologs.ch\/de\/#website\"},\"primaryImageOfPage\":{\"@id\":\"https:\/\/nikologs.ch\/de\/shop\/finnenkerze-50cm-klein\/#primaryimage\"},\"image\":{\"@id\":\"https:\/\/nikologs.ch\/de\/shop\/finnenkerze-50cm-klein\/#primaryimage\"},\"thumbnailUrl\":\"https:\/\/nikologs.ch\/wp-content\/uploads\/2024\/01\/20240105_163629-scaled.jpg\",\"datePublished\":\"2024-01-02T19:05:12+00:00\",\"dateModified\":\"2026-01-17T09:08:57+00:00\",\"breadcrumb\":{\"@id\":\"https:\/\/nikologs.ch\/de\/shop\/finnenkerze-50cm-klein\/#breadcrumb\"},\"inLanguage\":\"de\",\"potentialAction\":[{\"@type\":\"ReadAction\",\"target\":[\"https:\/\/nikologs.ch\/de\/shop\/finnenkerze-50cm-klein\/\"]}]},{\"@type\":\"ImageObject\",\"inLanguage\":\"de\",\"@id\":\"https:\/\/nikologs.ch\/de\/shop\/finnenkerze-50cm-klein\/#primaryimage\",\"url\":\"https:\/\/nikologs.ch\/wp-content\/uploads\/2024\/01\/20240105_163629-scaled.jpg\",\"contentUrl\":\"https:\/\/nikologs.ch\/wp-content\/uploads\/2024\/01\/20240105_163629-scaled.jpg\",\"width\":1879,\"height\":2560},{\"@type\":\"BreadcrumbList\",\"@id\":\"https:\/\/nikologs.ch\/de\/shop\/finnenkerze-50cm-klein\/#breadcrumb\",\"itemListElement\":[{\"@type\":\"ListItem\",\"position\":1,\"name\":\"Accueil\",\"item\":\"https:\/\/nikologs.ch\/de\/\"},{\"@type\":\"ListItem\",\"position\":2,\"name\":\"Shop\",\"item\":\"https:\/\/nikologs.ch\/de\/shop\/\"},{\"@type\":\"ListItem\",\"position\":3,\"name\":\"Finnenkerze 50cm \u00ab\u00a0klein\u00a0\u00bb\"}]},{\"@type\":\"WebSite\",\"@id\":\"https:\/\/nikologs.ch\/de\/#website\",\"url\":\"https:\/\/nikologs.ch\/de\/\",\"name\":\"Nikologs\",\"description\":\"Constructions en rondins bruts \u2013 Naturstamm Holzbau\",\"publisher\":{\"@id\":\"https:\/\/nikologs.ch\/de\/#organization\"},\"potentialAction\":[{\"@type\":\"SearchAction\",\"target\":{\"@type\":\"EntryPoint\",\"urlTemplate\":\"https:\/\/nikologs.ch\/de\/?s={search_term_string}\"},\"query-input\":{\"@type\":\"PropertyValueSpecification\",\"valueRequired\":true,\"valueName\":\"search_term_string\"}}],\"inLanguage\":\"de\"},{\"@type\":\"Organization\",\"@id\":\"https:\/\/nikologs.ch\/de\/#organization\",\"name\":\"Nikologs\",\"url\":\"https:\/\/nikologs.ch\/de\/\",\"logo\":{\"@type\":\"ImageObject\",\"inLanguage\":\"de\",\"@id\":\"https:\/\/nikologs.ch\/de\/#\/schema\/logo\/image\/\",\"url\":\"https:\/\/nikologs.ch\/wp-content\/uploads\/2024\/01\/logo-nikologs-1.png\",\"contentUrl\":\"https:\/\/nikologs.ch\/wp-content\/uploads\/2024\/01\/logo-nikologs-1.png\",\"width\":420,\"height\":440,\"caption\":\"Nikologs\"},\"image\":{\"@id\":\"https:\/\/nikologs.ch\/de\/#\/schema\/logo\/image\/\"},\"sameAs\":[\"https:\/\/www.facebook.com\/NikoLogs\",\"https:\/\/www.instagram.com\/nikologs.orvin\/\",\"https:\/\/www.youtube.com\/c\/NikoLogs\"]}]}<\/script>\n<!-- \/ Yoast SEO plugin. -->","yoast_head_json":{"title":"Finnenkerze 50cm \"klein\" &#8211; Niko Logs","robots":{"index":"index","follow":"follow","max-snippet":"max-snippet:-1","max-image-preview":"max-image-preview:large","max-video-preview":"max-video-preview:-1"},"canonical":"https:\/\/nikologs.ch\/de\/shop\/finnenkerze-50cm-klein\/","og_locale":"de_DE","og_type":"article","og_title":"Finnenkerze 50cm \"klein\" &#8211; Niko Logs","og_description":"Ideal, um Ihren Veranstaltungen im Freien eine rustikale Atmosph\u00e4re zu geben. Brennt zwischen 2 und 3 Stunden. Trockenes Nadelholz, geliefert mit einem Transportseil und einem Feueranz\u00fcnder. 25 bis 30 cm Durchmesser.  Wird nicht per Post versendet. Bitte nehmen Sie Kontakt mit uns auf, vielen Dank.","og_url":"https:\/\/nikologs.ch\/de\/shop\/finnenkerze-50cm-klein\/","og_site_name":"Niko Logs","article_publisher":"https:\/\/www.facebook.com\/NikoLogs","article_modified_time":"2026-01-17T09:08:57+00:00","og_image":[{"width":881,"height":1200,"url":"https:\/\/nikologs.ch\/wp-content\/uploads\/2024\/01\/20240105_163629-881x1200.jpg","type":"image\/jpeg"}],"twitter_card":"summary_large_image","twitter_misc":{"Gesch\u00e4tzte Lesezeit":"1\u00a0Minute"},"schema":{"@context":"https:\/\/schema.org","@graph":[{"@type":"WebPage","@id":"https:\/\/nikologs.ch\/de\/shop\/finnenkerze-50cm-klein\/","url":"https:\/\/nikologs.ch\/de\/shop\/finnenkerze-50cm-klein\/","name":"Finnenkerze 50cm \"klein\" &#8211; Niko Logs","isPartOf":{"@id":"https:\/\/nikologs.ch\/de\/#website"},"primaryImageOfPage":{"@id":"https:\/\/nikologs.ch\/de\/shop\/finnenkerze-50cm-klein\/#primaryimage"},"image":{"@id":"https:\/\/nikologs.ch\/de\/shop\/finnenkerze-50cm-klein\/#primaryimage"},"thumbnailUrl":"https:\/\/nikologs.ch\/wp-content\/uploads\/2024\/01\/20240105_163629-scaled.jpg","datePublished":"2024-01-02T19:05:12+00:00","dateModified":"2026-01-17T09:08:57+00:00","breadcrumb":{"@id":"https:\/\/nikologs.ch\/de\/shop\/finnenkerze-50cm-klein\/#breadcrumb"},"inLanguage":"de","potentialAction":[{"@type":"ReadAction","target":["https:\/\/nikologs.ch\/de\/shop\/finnenkerze-50cm-klein\/"]}]},{"@type":"ImageObject","inLanguage":"de","@id":"https:\/\/nikologs.ch\/de\/shop\/finnenkerze-50cm-klein\/#primaryimage","url":"https:\/\/nikologs.ch\/wp-content\/uploads\/2024\/01\/20240105_163629-scaled.jpg","contentUrl":"https:\/\/nikologs.ch\/wp-content\/uploads\/2024\/01\/20240105_163629-scaled.jpg","width":1879,"height":2560},{"@type":"BreadcrumbList","@id":"https:\/\/nikologs.ch\/de\/shop\/finnenkerze-50cm-klein\/#breadcrumb","itemListElement":[{"@type":"ListItem","position":1,"name":"Accueil","item":"https:\/\/nikologs.ch\/de\/"},{"@type":"ListItem","position":2,"name":"Shop","item":"https:\/\/nikologs.ch\/de\/shop\/"},{"@type":"ListItem","position":3,"name":"Finnenkerze 50cm \u00ab\u00a0klein\u00a0\u00bb"}]},{"@type":"WebSite","@id":"https:\/\/nikologs.ch\/de\/#website","url":"https:\/\/nikologs.ch\/de\/","name":"Nikologs","description":"Constructions en rondins bruts \u2013 Naturstamm Holzbau","publisher":{"@id":"https:\/\/nikologs.ch\/de\/#organization"},"potentialAction":[{"@type":"SearchAction","target":{"@type":"EntryPoint","urlTemplate":"https:\/\/nikologs.ch\/de\/?s={search_term_string}"},"query-input":{"@type":"PropertyValueSpecification","valueRequired":true,"valueName":"search_term_string"}}],"inLanguage":"de"},{"@type":"Organization","@id":"https:\/\/nikologs.ch\/de\/#organization","name":"Nikologs","url":"https:\/\/nikologs.ch\/de\/","logo":{"@type":"ImageObject","inLanguage":"de","@id":"https:\/\/nikologs.ch\/de\/#\/schema\/logo\/image\/","url":"https:\/\/nikologs.ch\/wp-content\/uploads\/2024\/01\/logo-nikologs-1.png","contentUrl":"https:\/\/nikologs.ch\/wp-content\/uploads\/2024\/01\/logo-nikologs-1.png","width":420,"height":440,"caption":"Nikologs"},"image":{"@id":"https:\/\/nikologs.ch\/de\/#\/schema\/logo\/image\/"},"sameAs":["https:\/\/www.facebook.com\/NikoLogs","https:\/\/www.instagram.com\/nikologs.orvin\/","https:\/\/www.youtube.com\/c\/NikoLogs"]}]}},"_links":{"self":[{"href":"https:\/\/nikologs.ch\/de\/wp-json\/wp\/v2\/product\/909","targetHints":{"allow":["GET"]}}],"collection":[{"href":"https:\/\/nikologs.ch\/de\/wp-json\/wp\/v2\/product"}],"about":[{"href":"https:\/\/nikologs.ch\/de\/wp-json\/wp\/v2\/types\/product"}],"replies":[{"embeddable":true,"href":"https:\/\/nikologs.ch\/de\/wp-json\/wp\/v2\/comments?post=909"}],"wp:featuredmedia":[{"embeddable":true,"href":"https:\/\/nikologs.ch\/de\/wp-json\/wp\/v2\/media\/798"}],"wp:attachment":[{"href":"https:\/\/nikologs.ch\/de\/wp-json\/wp\/v2\/media?parent=909"}],"wp:term":[{"taxonomy":"product_brand","embeddable":true,"href":"https:\/\/nikologs.ch\/de\/wp-json\/wp\/v2\/product_brand?post=909"},{"taxonomy":"product_cat","embeddable":true,"href":"https:\/\/nikologs.ch\/de\/wp-json\/wp\/v2\/product_cat?post=909"},{"taxonomy":"product_tag","embeddable":true,"href":"https:\/\/nikologs.ch\/de\/wp-json\/wp\/v2\/product_tag?post=909"},{"taxonomy":"product_label","embeddable":true,"href":"https:\/\/nikologs.ch\/de\/wp-json\/wp\/v2\/product_label?post=909"}],"curies":[{"name":"wp","href":"https:\/\/api.w.org\/{rel}","templated":true}]}}