{"id":308,"date":"2023-12-08T14:55:37","date_gmt":"2023-12-08T13:55:37","guid":{"rendered":"https:\/\/nikologs.ch\/boutique\/wed-wooden-equalization-device\/"},"modified":"2025-06-24T18:15:19","modified_gmt":"2025-06-24T16:15:19","slug":"wed-wooden-equalization-device","status":"publish","type":"product","link":"https:\/\/nikologs.ch\/de\/shop\/wed-wooden-equalization-device\/","title":{"rendered":"WED \u2013 Wooden Equalization Device &#8222;PINE&#8220;"},"content":{"rendered":"<p>Der &#8222;WED&#8220; ist das Ergebnis einer Verbindung zwischen meinen beiden Leidenschaften: Massivholz und Apnoe. Das Arvenholz (Pinus cembra), das f\u00fcr die Herstellung des &#8222;WED&#8220; verwendet wird, enth\u00e4lt \u00e4therische \u00d6le, die Stress abbauen, die Herzfrequenz senken und die Atemwege st\u00e4rken. Das Holz stammt ausschlie\u00dflich aus der Schweiz. Seine Qualit\u00e4ten waren den Bewohnern der Alpenregionen schon seit langem bekannt und wurden jetzt auch durch wissenschaftliche Studien best\u00e4tigt[1]. Diese haben auch die bakterizide Wirkung des Lignins und der nat\u00fcrlichen Bestandteile des Holzes belegt, dessen Oberfl\u00e4che sich etwa 30 Minuten nach dem Gebrauch selbst reinigt! Die Herstellung von WED ist zu 100 % nat\u00fcrlich und lokal.<\/p>\n<p>Die Praxis des Freitauchens zwingt uns st\u00e4ndig dazu, unser Verhalten gegen\u00fcber unserem Planeten und den 72 % Wasser, mit denen er bedeckt ist, zu \u00fcberdenken. Mein pers\u00f6nlicher Ansatz besteht darin, die Materialien, die bei der Entwicklung unserer Ausr\u00fcstung verwendet werden, neu zu \u00fcberdenken. Diese Kreation ist eines der ersten Ergebnisse.<\/p>\n<p><a href=\"https:\/\/nikologs.ch\/de\/shop\/wed-wooden-equalization-device\/#_ftnref1\" name=\"_ftn1\">[1]<\/a> Ernst Z\u00fcrcher. 2016. \u00ab\u00a0Le climat forestier, le bois d\u2019arolle et la physiologie humaine\u00a0: sommeil, qualit\u00e9 de vie et sant\u00e9\u00a0\u00bb, Les Arbres, entre visible et invisible. Pages 186 \u2013 194<\/p>\n","protected":false},"excerpt":{"rendered":"<p>Der &#8222;WED&#8220; ist ein v\u00f6llig nat\u00fcrliches und unbehandeltes Produkt aus Massivholz, mit dem Sie zu Hause und im Trockenen die verschiedenen Ausgleichstechniken trainieren k\u00f6nnen, die beim Freitauchen verwendet werden, insbesondere die Frenzel-Technik und den Mouthfill. Der WED wird mit 3 Luftballons aus Naturlatex geliefert. Ma\u00dfe &amp; Zusammensetzung: 44 mm hoch, 21 mm Durchmesser, Arvenholz (pinus cembra).<\/p>\n","protected":false},"featured_media":275,"comment_status":"open","ping_status":"closed","template":"","meta":{"_acf_changed":false},"product_brand":[],"product_cat":[35],"product_tag":[],"product_label":[],"class_list":{"0":"post-308","1":"product","2":"type-product","3":"status-publish","4":"has-post-thumbnail","6":"product_cat-unklassifiziert","8":"first","9":"instock","10":"taxable","11":"shipping-taxable","12":"purchasable","13":"product-type-simple"},"acf":[],"yoast_head":"<!-- This site is optimized with the Yoast SEO plugin v27.5 - https:\/\/yoast.com\/product\/yoast-seo-wordpress\/ -->\n<title>WED \u2013 Wooden Equalization Device &quot;PINE&quot; &#8211; Niko Logs<\/title>\n<meta name=\"robots\" content=\"index, follow, max-snippet:-1, max-image-preview:large, max-video-preview:-1\" \/>\n<link rel=\"canonical\" href=\"https:\/\/nikologs.ch\/de\/shop\/wed-wooden-equalization-device\/\" \/>\n<meta property=\"og:locale\" content=\"de_DE\" \/>\n<meta property=\"og:type\" content=\"article\" \/>\n<meta property=\"og:title\" content=\"WED \u2013 Wooden Equalization Device &quot;PINE&quot; &#8211; Niko Logs\" \/>\n<meta property=\"og:description\" content=\"Der &quot;WED&quot; ist ein v\u00f6llig nat\u00fcrliches und unbehandeltes Produkt aus Massivholz, mit dem Sie zu Hause und im Trockenen die verschiedenen Ausgleichstechniken trainieren k\u00f6nnen, die beim Freitauchen verwendet werden, insbesondere die Frenzel-Technik und den Mouthfill. Der WED wird mit 3 Luftballons aus Naturlatex geliefert. Ma\u00dfe &amp; Zusammensetzung: 44 mm hoch, 21 mm Durchmesser, Arvenholz (pinus cembra).\" \/>\n<meta property=\"og:url\" content=\"https:\/\/nikologs.ch\/de\/shop\/wed-wooden-equalization-device\/\" \/>\n<meta property=\"og:site_name\" content=\"Niko Logs\" \/>\n<meta property=\"article:publisher\" content=\"https:\/\/www.facebook.com\/NikoLogs\" \/>\n<meta property=\"article:modified_time\" content=\"2025-06-24T16:15:19+00:00\" \/>\n<meta property=\"og:image\" content=\"https:\/\/nikologs.ch\/wp-content\/uploads\/2023\/12\/nikologs-wed-02.jpg\" \/>\n\t<meta property=\"og:image:width\" content=\"840\" \/>\n\t<meta property=\"og:image:height\" content=\"1260\" \/>\n\t<meta property=\"og:image:type\" content=\"image\/jpeg\" \/>\n<meta name=\"twitter:card\" content=\"summary_large_image\" \/>\n<meta name=\"twitter:label1\" content=\"Gesch\u00e4tzte Lesezeit\" \/>\n\t<meta name=\"twitter:data1\" content=\"2\u00a0Minuten\" \/>\n<script type=\"application\/ld+json\" class=\"yoast-schema-graph\">{\"@context\":\"https:\\\/\\\/schema.org\",\"@graph\":[{\"@type\":\"WebPage\",\"@id\":\"https:\\\/\\\/nikologs.ch\\\/de\\\/shop\\\/wed-wooden-equalization-device\\\/\",\"url\":\"https:\\\/\\\/nikologs.ch\\\/de\\\/shop\\\/wed-wooden-equalization-device\\\/\",\"name\":\"WED \u2013 Wooden Equalization Device \\\"PINE\\\" &#8211; Niko Logs\",\"isPartOf\":{\"@id\":\"https:\\\/\\\/nikologs.ch\\\/de\\\/#website\"},\"primaryImageOfPage\":{\"@id\":\"https:\\\/\\\/nikologs.ch\\\/de\\\/shop\\\/wed-wooden-equalization-device\\\/#primaryimage\"},\"image\":{\"@id\":\"https:\\\/\\\/nikologs.ch\\\/de\\\/shop\\\/wed-wooden-equalization-device\\\/#primaryimage\"},\"thumbnailUrl\":\"https:\\\/\\\/nikologs.ch\\\/wp-content\\\/uploads\\\/2023\\\/12\\\/nikologs-wed-02.jpg\",\"datePublished\":\"2023-12-08T13:55:37+00:00\",\"dateModified\":\"2025-06-24T16:15:19+00:00\",\"breadcrumb\":{\"@id\":\"https:\\\/\\\/nikologs.ch\\\/de\\\/shop\\\/wed-wooden-equalization-device\\\/#breadcrumb\"},\"inLanguage\":\"de\",\"potentialAction\":[{\"@type\":\"ReadAction\",\"target\":[\"https:\\\/\\\/nikologs.ch\\\/de\\\/shop\\\/wed-wooden-equalization-device\\\/\"]}]},{\"@type\":\"ImageObject\",\"inLanguage\":\"de\",\"@id\":\"https:\\\/\\\/nikologs.ch\\\/de\\\/shop\\\/wed-wooden-equalization-device\\\/#primaryimage\",\"url\":\"https:\\\/\\\/nikologs.ch\\\/wp-content\\\/uploads\\\/2023\\\/12\\\/nikologs-wed-02.jpg\",\"contentUrl\":\"https:\\\/\\\/nikologs.ch\\\/wp-content\\\/uploads\\\/2023\\\/12\\\/nikologs-wed-02.jpg\",\"width\":840,\"height\":1260},{\"@type\":\"BreadcrumbList\",\"@id\":\"https:\\\/\\\/nikologs.ch\\\/de\\\/shop\\\/wed-wooden-equalization-device\\\/#breadcrumb\",\"itemListElement\":[{\"@type\":\"ListItem\",\"position\":1,\"name\":\"Accueil\",\"item\":\"https:\\\/\\\/nikologs.ch\\\/de\\\/\"},{\"@type\":\"ListItem\",\"position\":2,\"name\":\"Shop\",\"item\":\"https:\\\/\\\/nikologs.ch\\\/de\\\/shop\\\/\"},{\"@type\":\"ListItem\",\"position\":3,\"name\":\"WED \u2013 Wooden Equalization Device \u00ab\u00a0PINE\u00a0\u00bb\"}]},{\"@type\":\"WebSite\",\"@id\":\"https:\\\/\\\/nikologs.ch\\\/de\\\/#website\",\"url\":\"https:\\\/\\\/nikologs.ch\\\/de\\\/\",\"name\":\"Nikologs\",\"description\":\"Constructions en rondins bruts \u2013 Naturstamm Holzbau\",\"publisher\":{\"@id\":\"https:\\\/\\\/nikologs.ch\\\/de\\\/#organization\"},\"potentialAction\":[{\"@type\":\"SearchAction\",\"target\":{\"@type\":\"EntryPoint\",\"urlTemplate\":\"https:\\\/\\\/nikologs.ch\\\/de\\\/?s={search_term_string}\"},\"query-input\":{\"@type\":\"PropertyValueSpecification\",\"valueRequired\":true,\"valueName\":\"search_term_string\"}}],\"inLanguage\":\"de\"},{\"@type\":\"Organization\",\"@id\":\"https:\\\/\\\/nikologs.ch\\\/de\\\/#organization\",\"name\":\"Nikologs\",\"url\":\"https:\\\/\\\/nikologs.ch\\\/de\\\/\",\"logo\":{\"@type\":\"ImageObject\",\"inLanguage\":\"de\",\"@id\":\"https:\\\/\\\/nikologs.ch\\\/de\\\/#\\\/schema\\\/logo\\\/image\\\/\",\"url\":\"https:\\\/\\\/nikologs.ch\\\/wp-content\\\/uploads\\\/2024\\\/01\\\/logo-nikologs-1.png\",\"contentUrl\":\"https:\\\/\\\/nikologs.ch\\\/wp-content\\\/uploads\\\/2024\\\/01\\\/logo-nikologs-1.png\",\"width\":420,\"height\":440,\"caption\":\"Nikologs\"},\"image\":{\"@id\":\"https:\\\/\\\/nikologs.ch\\\/de\\\/#\\\/schema\\\/logo\\\/image\\\/\"},\"sameAs\":[\"https:\\\/\\\/www.facebook.com\\\/NikoLogs\",\"https:\\\/\\\/www.instagram.com\\\/nikologs.orvin\\\/\",\"https:\\\/\\\/www.youtube.com\\\/c\\\/NikoLogs\"]}]}<\/script>\n<!-- \/ Yoast SEO plugin. -->","yoast_head_json":{"title":"WED \u2013 Wooden Equalization Device \"PINE\" &#8211; Niko Logs","robots":{"index":"index","follow":"follow","max-snippet":"max-snippet:-1","max-image-preview":"max-image-preview:large","max-video-preview":"max-video-preview:-1"},"canonical":"https:\/\/nikologs.ch\/de\/shop\/wed-wooden-equalization-device\/","og_locale":"de_DE","og_type":"article","og_title":"WED \u2013 Wooden Equalization Device \"PINE\" &#8211; Niko Logs","og_description":"Der \"WED\" ist ein v\u00f6llig nat\u00fcrliches und unbehandeltes Produkt aus Massivholz, mit dem Sie zu Hause und im Trockenen die verschiedenen Ausgleichstechniken trainieren k\u00f6nnen, die beim Freitauchen verwendet werden, insbesondere die Frenzel-Technik und den Mouthfill. Der WED wird mit 3 Luftballons aus Naturlatex geliefert. Ma\u00dfe &amp; Zusammensetzung: 44 mm hoch, 21 mm Durchmesser, Arvenholz (pinus cembra).","og_url":"https:\/\/nikologs.ch\/de\/shop\/wed-wooden-equalization-device\/","og_site_name":"Niko Logs","article_publisher":"https:\/\/www.facebook.com\/NikoLogs","article_modified_time":"2025-06-24T16:15:19+00:00","og_image":[{"width":840,"height":1260,"url":"https:\/\/nikologs.ch\/wp-content\/uploads\/2023\/12\/nikologs-wed-02.jpg","type":"image\/jpeg"}],"twitter_card":"summary_large_image","twitter_misc":{"Gesch\u00e4tzte Lesezeit":"2\u00a0Minuten"},"schema":{"@context":"https:\/\/schema.org","@graph":[{"@type":"WebPage","@id":"https:\/\/nikologs.ch\/de\/shop\/wed-wooden-equalization-device\/","url":"https:\/\/nikologs.ch\/de\/shop\/wed-wooden-equalization-device\/","name":"WED \u2013 Wooden Equalization Device \"PINE\" &#8211; Niko Logs","isPartOf":{"@id":"https:\/\/nikologs.ch\/de\/#website"},"primaryImageOfPage":{"@id":"https:\/\/nikologs.ch\/de\/shop\/wed-wooden-equalization-device\/#primaryimage"},"image":{"@id":"https:\/\/nikologs.ch\/de\/shop\/wed-wooden-equalization-device\/#primaryimage"},"thumbnailUrl":"https:\/\/nikologs.ch\/wp-content\/uploads\/2023\/12\/nikologs-wed-02.jpg","datePublished":"2023-12-08T13:55:37+00:00","dateModified":"2025-06-24T16:15:19+00:00","breadcrumb":{"@id":"https:\/\/nikologs.ch\/de\/shop\/wed-wooden-equalization-device\/#breadcrumb"},"inLanguage":"de","potentialAction":[{"@type":"ReadAction","target":["https:\/\/nikologs.ch\/de\/shop\/wed-wooden-equalization-device\/"]}]},{"@type":"ImageObject","inLanguage":"de","@id":"https:\/\/nikologs.ch\/de\/shop\/wed-wooden-equalization-device\/#primaryimage","url":"https:\/\/nikologs.ch\/wp-content\/uploads\/2023\/12\/nikologs-wed-02.jpg","contentUrl":"https:\/\/nikologs.ch\/wp-content\/uploads\/2023\/12\/nikologs-wed-02.jpg","width":840,"height":1260},{"@type":"BreadcrumbList","@id":"https:\/\/nikologs.ch\/de\/shop\/wed-wooden-equalization-device\/#breadcrumb","itemListElement":[{"@type":"ListItem","position":1,"name":"Accueil","item":"https:\/\/nikologs.ch\/de\/"},{"@type":"ListItem","position":2,"name":"Shop","item":"https:\/\/nikologs.ch\/de\/shop\/"},{"@type":"ListItem","position":3,"name":"WED \u2013 Wooden Equalization Device \u00ab\u00a0PINE\u00a0\u00bb"}]},{"@type":"WebSite","@id":"https:\/\/nikologs.ch\/de\/#website","url":"https:\/\/nikologs.ch\/de\/","name":"Nikologs","description":"Constructions en rondins bruts \u2013 Naturstamm Holzbau","publisher":{"@id":"https:\/\/nikologs.ch\/de\/#organization"},"potentialAction":[{"@type":"SearchAction","target":{"@type":"EntryPoint","urlTemplate":"https:\/\/nikologs.ch\/de\/?s={search_term_string}"},"query-input":{"@type":"PropertyValueSpecification","valueRequired":true,"valueName":"search_term_string"}}],"inLanguage":"de"},{"@type":"Organization","@id":"https:\/\/nikologs.ch\/de\/#organization","name":"Nikologs","url":"https:\/\/nikologs.ch\/de\/","logo":{"@type":"ImageObject","inLanguage":"de","@id":"https:\/\/nikologs.ch\/de\/#\/schema\/logo\/image\/","url":"https:\/\/nikologs.ch\/wp-content\/uploads\/2024\/01\/logo-nikologs-1.png","contentUrl":"https:\/\/nikologs.ch\/wp-content\/uploads\/2024\/01\/logo-nikologs-1.png","width":420,"height":440,"caption":"Nikologs"},"image":{"@id":"https:\/\/nikologs.ch\/de\/#\/schema\/logo\/image\/"},"sameAs":["https:\/\/www.facebook.com\/NikoLogs","https:\/\/www.instagram.com\/nikologs.orvin\/","https:\/\/www.youtube.com\/c\/NikoLogs"]}]}},"_links":{"self":[{"href":"https:\/\/nikologs.ch\/de\/wp-json\/wp\/v2\/product\/308","targetHints":{"allow":["GET"]}}],"collection":[{"href":"https:\/\/nikologs.ch\/de\/wp-json\/wp\/v2\/product"}],"about":[{"href":"https:\/\/nikologs.ch\/de\/wp-json\/wp\/v2\/types\/product"}],"replies":[{"embeddable":true,"href":"https:\/\/nikologs.ch\/de\/wp-json\/wp\/v2\/comments?post=308"}],"wp:featuredmedia":[{"embeddable":true,"href":"https:\/\/nikologs.ch\/de\/wp-json\/wp\/v2\/media\/275"}],"wp:attachment":[{"href":"https:\/\/nikologs.ch\/de\/wp-json\/wp\/v2\/media?parent=308"}],"wp:term":[{"taxonomy":"product_brand","embeddable":true,"href":"https:\/\/nikologs.ch\/de\/wp-json\/wp\/v2\/product_brand?post=308"},{"taxonomy":"product_cat","embeddable":true,"href":"https:\/\/nikologs.ch\/de\/wp-json\/wp\/v2\/product_cat?post=308"},{"taxonomy":"product_tag","embeddable":true,"href":"https:\/\/nikologs.ch\/de\/wp-json\/wp\/v2\/product_tag?post=308"},{"taxonomy":"product_label","embeddable":true,"href":"https:\/\/nikologs.ch\/de\/wp-json\/wp\/v2\/product_label?post=308"}],"curies":[{"name":"wp","href":"https:\/\/api.w.org\/{rel}","templated":true}]}}