{"id":1404,"date":"2025-06-24T18:04:06","date_gmt":"2025-06-24T16:04:06","guid":{"rendered":"https:\/\/nikologs.ch\/?post_type=product&#038;p=1404"},"modified":"2025-06-24T18:20:40","modified_gmt":"2025-06-24T16:20:40","slug":"wed-wooden-equalization-device-copie","status":"publish","type":"product","link":"https:\/\/nikologs.ch\/de\/shop\/wed-wooden-equalization-device-copie\/","title":{"rendered":"WED \u2013 Wooden Equalization Device &#8222;OAK&#8220;"},"content":{"rendered":"<p>Der \u201eWED\u201c ist das Ergebnis meiner beiden Leidenschaften: Rohholz und Freitauchen. Die f\u00fcr den WED \u201eOAK\u201c verwendete Eiche ist ein edles, hartes und sehr widerstandsf\u00e4higes Holz. Dieses Holz stammt ausschlie\u00dflich aus meinem Wald in der Gemeinde Orvin in der Schweiz. Die Eigenschaften der Eiche spiegeln die bakterizide Wirkung des Lignins und die nat\u00fcrlichen Bestandteile des Holzes wider, dessen Oberfl\u00e4che sich etwa 30 Minuten nach Gebrauch selbst reinigt. Die Herstellung des WED erfolgt zu 100 % nat\u00fcrlich und lokal.<\/p>\n<p>Die Praxis des Freitauchens zwingt uns st\u00e4ndig dazu, unser Verhalten gegen\u00fcber unserem Planeten und den 72 % Wasser, mit denen er bedeckt ist, zu \u00fcberdenken. Mein pers\u00f6nlicher Ansatz besteht darin, die Materialien, die bei der Entwicklung unserer Ausr\u00fcstung verwendet werden, neu zu \u00fcberdenken. Diese Kreation ist eines der ersten Ergebnisse.<\/p>\n<p>&nbsp;<\/p>\n","protected":false},"excerpt":{"rendered":"<p>Der &#8222;WED&#8220; ist ein v\u00f6llig nat\u00fcrliches und unbehandeltes Produkt aus Massivholz, mit dem Sie zu Hause und im Trockenen die verschiedenen Ausgleichstechniken trainieren k\u00f6nnen, die beim Freitauchen verwendet werden, insbesondere die Frenzel-Technik und den Mouthfill. Der WED wird mit 3 Luftballons aus Naturlatex geliefert. Ma\u00dfe &amp; Zusammensetzung: 44 mm hoch, 21 mm Durchmesser, Arvenholz (pinus cembra).<\/p>\n","protected":false},"featured_media":1410,"comment_status":"open","ping_status":"closed","template":"","meta":{"_acf_changed":false},"product_brand":[],"product_cat":[35],"product_tag":[],"product_label":[],"class_list":{"0":"post-1404","1":"product","2":"type-product","3":"status-publish","4":"has-post-thumbnail","6":"product_cat-unklassifiziert","8":"first","9":"instock","10":"taxable","11":"shipping-taxable","12":"purchasable","13":"product-type-simple"},"acf":[],"yoast_head":"<!-- This site is optimized with the Yoast SEO plugin v27.5 - https:\/\/yoast.com\/product\/yoast-seo-wordpress\/ -->\n<title>WED \u2013 Wooden Equalization Device &quot;OAK&quot; &#8211; Niko Logs<\/title>\n<meta name=\"robots\" content=\"index, follow, max-snippet:-1, max-image-preview:large, max-video-preview:-1\" \/>\n<link rel=\"canonical\" href=\"https:\/\/nikologs.ch\/de\/shop\/wed-wooden-equalization-device-copie\/\" \/>\n<meta property=\"og:locale\" content=\"de_DE\" \/>\n<meta property=\"og:type\" content=\"article\" \/>\n<meta property=\"og:title\" content=\"WED \u2013 Wooden Equalization Device &quot;OAK&quot; &#8211; Niko Logs\" \/>\n<meta property=\"og:description\" content=\"Der &quot;WED&quot; ist ein v\u00f6llig nat\u00fcrliches und unbehandeltes Produkt aus Massivholz, mit dem Sie zu Hause und im Trockenen die verschiedenen Ausgleichstechniken trainieren k\u00f6nnen, die beim Freitauchen verwendet werden, insbesondere die Frenzel-Technik und den Mouthfill. Der WED wird mit 3 Luftballons aus Naturlatex geliefert. Ma\u00dfe &amp; Zusammensetzung: 44 mm hoch, 21 mm Durchmesser, Arvenholz (pinus cembra).\" \/>\n<meta property=\"og:url\" content=\"https:\/\/nikologs.ch\/de\/shop\/wed-wooden-equalization-device-copie\/\" \/>\n<meta property=\"og:site_name\" content=\"Niko Logs\" \/>\n<meta property=\"article:publisher\" content=\"https:\/\/www.facebook.com\/NikoLogs\" \/>\n<meta property=\"article:modified_time\" content=\"2025-06-24T16:20:40+00:00\" \/>\n<meta property=\"og:image\" content=\"https:\/\/nikologs.ch\/wp-content\/uploads\/2025\/06\/IMG-20250624-WA0034.jpg\" \/>\n\t<meta property=\"og:image:width\" content=\"900\" \/>\n\t<meta property=\"og:image:height\" content=\"1600\" \/>\n\t<meta property=\"og:image:type\" content=\"image\/jpeg\" \/>\n<meta name=\"twitter:card\" content=\"summary_large_image\" \/>\n<meta name=\"twitter:label1\" content=\"Gesch\u00e4tzte Lesezeit\" \/>\n\t<meta name=\"twitter:data1\" content=\"1\u00a0Minute\" \/>\n<script type=\"application\/ld+json\" class=\"yoast-schema-graph\">{\"@context\":\"https:\\\/\\\/schema.org\",\"@graph\":[{\"@type\":\"WebPage\",\"@id\":\"https:\\\/\\\/nikologs.ch\\\/de\\\/shop\\\/wed-wooden-equalization-device-copie\\\/\",\"url\":\"https:\\\/\\\/nikologs.ch\\\/de\\\/shop\\\/wed-wooden-equalization-device-copie\\\/\",\"name\":\"WED \u2013 Wooden Equalization Device \\\"OAK\\\" &#8211; Niko Logs\",\"isPartOf\":{\"@id\":\"https:\\\/\\\/nikologs.ch\\\/de\\\/#website\"},\"primaryImageOfPage\":{\"@id\":\"https:\\\/\\\/nikologs.ch\\\/de\\\/shop\\\/wed-wooden-equalization-device-copie\\\/#primaryimage\"},\"image\":{\"@id\":\"https:\\\/\\\/nikologs.ch\\\/de\\\/shop\\\/wed-wooden-equalization-device-copie\\\/#primaryimage\"},\"thumbnailUrl\":\"https:\\\/\\\/nikologs.ch\\\/wp-content\\\/uploads\\\/2025\\\/06\\\/IMG-20250624-WA0034.jpg\",\"datePublished\":\"2025-06-24T16:04:06+00:00\",\"dateModified\":\"2025-06-24T16:20:40+00:00\",\"breadcrumb\":{\"@id\":\"https:\\\/\\\/nikologs.ch\\\/de\\\/shop\\\/wed-wooden-equalization-device-copie\\\/#breadcrumb\"},\"inLanguage\":\"de\",\"potentialAction\":[{\"@type\":\"ReadAction\",\"target\":[\"https:\\\/\\\/nikologs.ch\\\/de\\\/shop\\\/wed-wooden-equalization-device-copie\\\/\"]}]},{\"@type\":\"ImageObject\",\"inLanguage\":\"de\",\"@id\":\"https:\\\/\\\/nikologs.ch\\\/de\\\/shop\\\/wed-wooden-equalization-device-copie\\\/#primaryimage\",\"url\":\"https:\\\/\\\/nikologs.ch\\\/wp-content\\\/uploads\\\/2025\\\/06\\\/IMG-20250624-WA0034.jpg\",\"contentUrl\":\"https:\\\/\\\/nikologs.ch\\\/wp-content\\\/uploads\\\/2025\\\/06\\\/IMG-20250624-WA0034.jpg\",\"width\":900,\"height\":1600},{\"@type\":\"BreadcrumbList\",\"@id\":\"https:\\\/\\\/nikologs.ch\\\/de\\\/shop\\\/wed-wooden-equalization-device-copie\\\/#breadcrumb\",\"itemListElement\":[{\"@type\":\"ListItem\",\"position\":1,\"name\":\"Accueil\",\"item\":\"https:\\\/\\\/nikologs.ch\\\/de\\\/\"},{\"@type\":\"ListItem\",\"position\":2,\"name\":\"Shop\",\"item\":\"https:\\\/\\\/nikologs.ch\\\/de\\\/shop\\\/\"},{\"@type\":\"ListItem\",\"position\":3,\"name\":\"WED \u2013 Wooden Equalization Device \u00ab\u00a0OAK\u00a0\u00bb\"}]},{\"@type\":\"WebSite\",\"@id\":\"https:\\\/\\\/nikologs.ch\\\/de\\\/#website\",\"url\":\"https:\\\/\\\/nikologs.ch\\\/de\\\/\",\"name\":\"Nikologs\",\"description\":\"Constructions en rondins bruts \u2013 Naturstamm Holzbau\",\"publisher\":{\"@id\":\"https:\\\/\\\/nikologs.ch\\\/de\\\/#organization\"},\"potentialAction\":[{\"@type\":\"SearchAction\",\"target\":{\"@type\":\"EntryPoint\",\"urlTemplate\":\"https:\\\/\\\/nikologs.ch\\\/de\\\/?s={search_term_string}\"},\"query-input\":{\"@type\":\"PropertyValueSpecification\",\"valueRequired\":true,\"valueName\":\"search_term_string\"}}],\"inLanguage\":\"de\"},{\"@type\":\"Organization\",\"@id\":\"https:\\\/\\\/nikologs.ch\\\/de\\\/#organization\",\"name\":\"Nikologs\",\"url\":\"https:\\\/\\\/nikologs.ch\\\/de\\\/\",\"logo\":{\"@type\":\"ImageObject\",\"inLanguage\":\"de\",\"@id\":\"https:\\\/\\\/nikologs.ch\\\/de\\\/#\\\/schema\\\/logo\\\/image\\\/\",\"url\":\"https:\\\/\\\/nikologs.ch\\\/wp-content\\\/uploads\\\/2024\\\/01\\\/logo-nikologs-1.png\",\"contentUrl\":\"https:\\\/\\\/nikologs.ch\\\/wp-content\\\/uploads\\\/2024\\\/01\\\/logo-nikologs-1.png\",\"width\":420,\"height\":440,\"caption\":\"Nikologs\"},\"image\":{\"@id\":\"https:\\\/\\\/nikologs.ch\\\/de\\\/#\\\/schema\\\/logo\\\/image\\\/\"},\"sameAs\":[\"https:\\\/\\\/www.facebook.com\\\/NikoLogs\",\"https:\\\/\\\/www.instagram.com\\\/nikologs.orvin\\\/\",\"https:\\\/\\\/www.youtube.com\\\/c\\\/NikoLogs\"]}]}<\/script>\n<!-- \/ Yoast SEO plugin. -->","yoast_head_json":{"title":"WED \u2013 Wooden Equalization Device \"OAK\" &#8211; Niko Logs","robots":{"index":"index","follow":"follow","max-snippet":"max-snippet:-1","max-image-preview":"max-image-preview:large","max-video-preview":"max-video-preview:-1"},"canonical":"https:\/\/nikologs.ch\/de\/shop\/wed-wooden-equalization-device-copie\/","og_locale":"de_DE","og_type":"article","og_title":"WED \u2013 Wooden Equalization Device \"OAK\" &#8211; Niko Logs","og_description":"Der \"WED\" ist ein v\u00f6llig nat\u00fcrliches und unbehandeltes Produkt aus Massivholz, mit dem Sie zu Hause und im Trockenen die verschiedenen Ausgleichstechniken trainieren k\u00f6nnen, die beim Freitauchen verwendet werden, insbesondere die Frenzel-Technik und den Mouthfill. Der WED wird mit 3 Luftballons aus Naturlatex geliefert. Ma\u00dfe &amp; Zusammensetzung: 44 mm hoch, 21 mm Durchmesser, Arvenholz (pinus cembra).","og_url":"https:\/\/nikologs.ch\/de\/shop\/wed-wooden-equalization-device-copie\/","og_site_name":"Niko Logs","article_publisher":"https:\/\/www.facebook.com\/NikoLogs","article_modified_time":"2025-06-24T16:20:40+00:00","og_image":[{"width":900,"height":1600,"url":"https:\/\/nikologs.ch\/wp-content\/uploads\/2025\/06\/IMG-20250624-WA0034.jpg","type":"image\/jpeg"}],"twitter_card":"summary_large_image","twitter_misc":{"Gesch\u00e4tzte Lesezeit":"1\u00a0Minute"},"schema":{"@context":"https:\/\/schema.org","@graph":[{"@type":"WebPage","@id":"https:\/\/nikologs.ch\/de\/shop\/wed-wooden-equalization-device-copie\/","url":"https:\/\/nikologs.ch\/de\/shop\/wed-wooden-equalization-device-copie\/","name":"WED \u2013 Wooden Equalization Device \"OAK\" &#8211; Niko Logs","isPartOf":{"@id":"https:\/\/nikologs.ch\/de\/#website"},"primaryImageOfPage":{"@id":"https:\/\/nikologs.ch\/de\/shop\/wed-wooden-equalization-device-copie\/#primaryimage"},"image":{"@id":"https:\/\/nikologs.ch\/de\/shop\/wed-wooden-equalization-device-copie\/#primaryimage"},"thumbnailUrl":"https:\/\/nikologs.ch\/wp-content\/uploads\/2025\/06\/IMG-20250624-WA0034.jpg","datePublished":"2025-06-24T16:04:06+00:00","dateModified":"2025-06-24T16:20:40+00:00","breadcrumb":{"@id":"https:\/\/nikologs.ch\/de\/shop\/wed-wooden-equalization-device-copie\/#breadcrumb"},"inLanguage":"de","potentialAction":[{"@type":"ReadAction","target":["https:\/\/nikologs.ch\/de\/shop\/wed-wooden-equalization-device-copie\/"]}]},{"@type":"ImageObject","inLanguage":"de","@id":"https:\/\/nikologs.ch\/de\/shop\/wed-wooden-equalization-device-copie\/#primaryimage","url":"https:\/\/nikologs.ch\/wp-content\/uploads\/2025\/06\/IMG-20250624-WA0034.jpg","contentUrl":"https:\/\/nikologs.ch\/wp-content\/uploads\/2025\/06\/IMG-20250624-WA0034.jpg","width":900,"height":1600},{"@type":"BreadcrumbList","@id":"https:\/\/nikologs.ch\/de\/shop\/wed-wooden-equalization-device-copie\/#breadcrumb","itemListElement":[{"@type":"ListItem","position":1,"name":"Accueil","item":"https:\/\/nikologs.ch\/de\/"},{"@type":"ListItem","position":2,"name":"Shop","item":"https:\/\/nikologs.ch\/de\/shop\/"},{"@type":"ListItem","position":3,"name":"WED \u2013 Wooden Equalization Device \u00ab\u00a0OAK\u00a0\u00bb"}]},{"@type":"WebSite","@id":"https:\/\/nikologs.ch\/de\/#website","url":"https:\/\/nikologs.ch\/de\/","name":"Nikologs","description":"Constructions en rondins bruts \u2013 Naturstamm Holzbau","publisher":{"@id":"https:\/\/nikologs.ch\/de\/#organization"},"potentialAction":[{"@type":"SearchAction","target":{"@type":"EntryPoint","urlTemplate":"https:\/\/nikologs.ch\/de\/?s={search_term_string}"},"query-input":{"@type":"PropertyValueSpecification","valueRequired":true,"valueName":"search_term_string"}}],"inLanguage":"de"},{"@type":"Organization","@id":"https:\/\/nikologs.ch\/de\/#organization","name":"Nikologs","url":"https:\/\/nikologs.ch\/de\/","logo":{"@type":"ImageObject","inLanguage":"de","@id":"https:\/\/nikologs.ch\/de\/#\/schema\/logo\/image\/","url":"https:\/\/nikologs.ch\/wp-content\/uploads\/2024\/01\/logo-nikologs-1.png","contentUrl":"https:\/\/nikologs.ch\/wp-content\/uploads\/2024\/01\/logo-nikologs-1.png","width":420,"height":440,"caption":"Nikologs"},"image":{"@id":"https:\/\/nikologs.ch\/de\/#\/schema\/logo\/image\/"},"sameAs":["https:\/\/www.facebook.com\/NikoLogs","https:\/\/www.instagram.com\/nikologs.orvin\/","https:\/\/www.youtube.com\/c\/NikoLogs"]}]}},"_links":{"self":[{"href":"https:\/\/nikologs.ch\/de\/wp-json\/wp\/v2\/product\/1404","targetHints":{"allow":["GET"]}}],"collection":[{"href":"https:\/\/nikologs.ch\/de\/wp-json\/wp\/v2\/product"}],"about":[{"href":"https:\/\/nikologs.ch\/de\/wp-json\/wp\/v2\/types\/product"}],"replies":[{"embeddable":true,"href":"https:\/\/nikologs.ch\/de\/wp-json\/wp\/v2\/comments?post=1404"}],"wp:featuredmedia":[{"embeddable":true,"href":"https:\/\/nikologs.ch\/de\/wp-json\/wp\/v2\/media\/1410"}],"wp:attachment":[{"href":"https:\/\/nikologs.ch\/de\/wp-json\/wp\/v2\/media?parent=1404"}],"wp:term":[{"taxonomy":"product_brand","embeddable":true,"href":"https:\/\/nikologs.ch\/de\/wp-json\/wp\/v2\/product_brand?post=1404"},{"taxonomy":"product_cat","embeddable":true,"href":"https:\/\/nikologs.ch\/de\/wp-json\/wp\/v2\/product_cat?post=1404"},{"taxonomy":"product_tag","embeddable":true,"href":"https:\/\/nikologs.ch\/de\/wp-json\/wp\/v2\/product_tag?post=1404"},{"taxonomy":"product_label","embeddable":true,"href":"https:\/\/nikologs.ch\/de\/wp-json\/wp\/v2\/product_label?post=1404"}],"curies":[{"name":"wp","href":"https:\/\/api.w.org\/{rel}","templated":true}]}}