{"id":1168,"date":"2024-08-17T15:44:47","date_gmt":"2024-08-17T13:44:47","guid":{"rendered":"https:\/\/nikologs.ch\/?post_type=product&#038;p=1168"},"modified":"2024-08-17T16:05:19","modified_gmt":"2024-08-17T14:05:19","slug":"coussin-rempli-a-100-de-copeaux-darolle","status":"publish","type":"product","link":"https:\/\/nikologs.ch\/de\/shop\/coussin-rempli-a-100-de-copeaux-darolle\/","title":{"rendered":"Kissen zu 100% mit Zirbenholzsp\u00e4nen gef\u00fcllt (pinus cembra)"},"content":{"rendered":"<p>Frisch gehobelte Sp\u00e4ne.<\/p>\n<p>Keine chemische Behandlung.<\/p>\n<p>Herkunft des Holzes: Celerina\/Schlarigna GR.<\/p>\n<p>Gehobelt und verpackt in Orvin BE.<\/p>\n","protected":false},"excerpt":{"rendered":"<p>Die Sp\u00e4ne stammen vom Hobeln unserer Arvenholzbalken, die wir aus dem Engadin geholt haben. Der Duft wirkt beruhigend, entspannend und erinnert an die Atmosph\u00e4re einer kleinen Alph\u00fctte in Graub\u00fcnden.<\/p>\n<p>Bitte geben Sie bei der Bestellung das gew\u00fcnschte Motiv an: \u201eZapfen\u201c \/ \u201eWald\u201c \/ \u201eFuchs\u201c \/ \u201eLog Cabin\u201c.<\/p>\n","protected":false},"featured_media":1166,"comment_status":"open","ping_status":"closed","template":"","meta":{"_acf_changed":false},"product_brand":[],"product_cat":[35],"product_tag":[],"product_label":[],"class_list":{"0":"post-1168","1":"product","2":"type-product","3":"status-publish","4":"has-post-thumbnail","6":"product_cat-unklassifiziert","8":"first","9":"instock","10":"taxable","11":"shipping-taxable","12":"purchasable","13":"product-type-simple"},"acf":[],"yoast_head":"<!-- This site is optimized with the Yoast SEO plugin v27.5 - https:\/\/yoast.com\/product\/yoast-seo-wordpress\/ -->\n<title>Kissen zu 100% mit Zirbenholzsp\u00e4nen gef\u00fcllt (pinus cembra) &#8211; Niko Logs<\/title>\n<meta name=\"robots\" content=\"index, follow, max-snippet:-1, max-image-preview:large, max-video-preview:-1\" \/>\n<link rel=\"canonical\" href=\"https:\/\/nikologs.ch\/de\/shop\/coussin-rempli-a-100-de-copeaux-darolle\/\" \/>\n<meta property=\"og:locale\" content=\"de_DE\" \/>\n<meta property=\"og:type\" content=\"article\" \/>\n<meta property=\"og:title\" content=\"Kissen zu 100% mit Zirbenholzsp\u00e4nen gef\u00fcllt (pinus cembra) &#8211; Niko Logs\" \/>\n<meta property=\"og:description\" content=\"Die Sp\u00e4ne stammen vom Hobeln unserer Arvenholzbalken, die wir aus dem Engadin geholt haben. Der Duft wirkt beruhigend, entspannend und erinnert an die Atmosph\u00e4re einer kleinen Alph\u00fctte in Graub\u00fcnden.  Bitte geben Sie bei der Bestellung das gew\u00fcnschte Motiv an: \u201eZapfen\u201c \/ \u201eWald\u201c \/ \u201eFuchs\u201c \/ \u201eLog Cabin\u201c.\" \/>\n<meta property=\"og:url\" content=\"https:\/\/nikologs.ch\/de\/shop\/coussin-rempli-a-100-de-copeaux-darolle\/\" \/>\n<meta property=\"og:site_name\" content=\"Niko Logs\" \/>\n<meta property=\"article:publisher\" content=\"https:\/\/www.facebook.com\/NikoLogs\" \/>\n<meta property=\"article:modified_time\" content=\"2024-08-17T14:05:19+00:00\" \/>\n<meta property=\"og:image\" content=\"https:\/\/nikologs.ch\/wp-content\/uploads\/2024\/08\/WhatsApp-Image-2024-08-17-a-15.19.52_82655acc.jpg\" \/>\n\t<meta property=\"og:image:width\" content=\"1673\" \/>\n\t<meta property=\"og:image:height\" content=\"1126\" \/>\n\t<meta property=\"og:image:type\" content=\"image\/jpeg\" \/>\n<meta name=\"twitter:card\" content=\"summary_large_image\" \/>\n<meta name=\"twitter:label1\" content=\"Gesch\u00e4tzte Lesezeit\" \/>\n\t<meta name=\"twitter:data1\" content=\"1\u00a0Minute\" \/>\n<script type=\"application\/ld+json\" class=\"yoast-schema-graph\">{\"@context\":\"https:\\\/\\\/schema.org\",\"@graph\":[{\"@type\":\"WebPage\",\"@id\":\"https:\\\/\\\/nikologs.ch\\\/de\\\/shop\\\/coussin-rempli-a-100-de-copeaux-darolle\\\/\",\"url\":\"https:\\\/\\\/nikologs.ch\\\/de\\\/shop\\\/coussin-rempli-a-100-de-copeaux-darolle\\\/\",\"name\":\"Kissen zu 100% mit Zirbenholzsp\u00e4nen gef\u00fcllt (pinus cembra) &#8211; Niko Logs\",\"isPartOf\":{\"@id\":\"https:\\\/\\\/nikologs.ch\\\/de\\\/#website\"},\"primaryImageOfPage\":{\"@id\":\"https:\\\/\\\/nikologs.ch\\\/de\\\/shop\\\/coussin-rempli-a-100-de-copeaux-darolle\\\/#primaryimage\"},\"image\":{\"@id\":\"https:\\\/\\\/nikologs.ch\\\/de\\\/shop\\\/coussin-rempli-a-100-de-copeaux-darolle\\\/#primaryimage\"},\"thumbnailUrl\":\"https:\\\/\\\/nikologs.ch\\\/wp-content\\\/uploads\\\/2024\\\/08\\\/WhatsApp-Image-2024-08-17-a-15.19.52_82655acc.jpg\",\"datePublished\":\"2024-08-17T13:44:47+00:00\",\"dateModified\":\"2024-08-17T14:05:19+00:00\",\"breadcrumb\":{\"@id\":\"https:\\\/\\\/nikologs.ch\\\/de\\\/shop\\\/coussin-rempli-a-100-de-copeaux-darolle\\\/#breadcrumb\"},\"inLanguage\":\"de\",\"potentialAction\":[{\"@type\":\"ReadAction\",\"target\":[\"https:\\\/\\\/nikologs.ch\\\/de\\\/shop\\\/coussin-rempli-a-100-de-copeaux-darolle\\\/\"]}]},{\"@type\":\"ImageObject\",\"inLanguage\":\"de\",\"@id\":\"https:\\\/\\\/nikologs.ch\\\/de\\\/shop\\\/coussin-rempli-a-100-de-copeaux-darolle\\\/#primaryimage\",\"url\":\"https:\\\/\\\/nikologs.ch\\\/wp-content\\\/uploads\\\/2024\\\/08\\\/WhatsApp-Image-2024-08-17-a-15.19.52_82655acc.jpg\",\"contentUrl\":\"https:\\\/\\\/nikologs.ch\\\/wp-content\\\/uploads\\\/2024\\\/08\\\/WhatsApp-Image-2024-08-17-a-15.19.52_82655acc.jpg\",\"width\":1673,\"height\":1126},{\"@type\":\"BreadcrumbList\",\"@id\":\"https:\\\/\\\/nikologs.ch\\\/de\\\/shop\\\/coussin-rempli-a-100-de-copeaux-darolle\\\/#breadcrumb\",\"itemListElement\":[{\"@type\":\"ListItem\",\"position\":1,\"name\":\"Accueil\",\"item\":\"https:\\\/\\\/nikologs.ch\\\/de\\\/\"},{\"@type\":\"ListItem\",\"position\":2,\"name\":\"Shop\",\"item\":\"https:\\\/\\\/nikologs.ch\\\/de\\\/shop\\\/\"},{\"@type\":\"ListItem\",\"position\":3,\"name\":\"Kissen zu 100% mit Zirbenholzsp\u00e4nen gef\u00fcllt (pinus cembra)\"}]},{\"@type\":\"WebSite\",\"@id\":\"https:\\\/\\\/nikologs.ch\\\/de\\\/#website\",\"url\":\"https:\\\/\\\/nikologs.ch\\\/de\\\/\",\"name\":\"Nikologs\",\"description\":\"Constructions en rondins bruts \u2013 Naturstamm Holzbau\",\"publisher\":{\"@id\":\"https:\\\/\\\/nikologs.ch\\\/de\\\/#organization\"},\"potentialAction\":[{\"@type\":\"SearchAction\",\"target\":{\"@type\":\"EntryPoint\",\"urlTemplate\":\"https:\\\/\\\/nikologs.ch\\\/de\\\/?s={search_term_string}\"},\"query-input\":{\"@type\":\"PropertyValueSpecification\",\"valueRequired\":true,\"valueName\":\"search_term_string\"}}],\"inLanguage\":\"de\"},{\"@type\":\"Organization\",\"@id\":\"https:\\\/\\\/nikologs.ch\\\/de\\\/#organization\",\"name\":\"Nikologs\",\"url\":\"https:\\\/\\\/nikologs.ch\\\/de\\\/\",\"logo\":{\"@type\":\"ImageObject\",\"inLanguage\":\"de\",\"@id\":\"https:\\\/\\\/nikologs.ch\\\/de\\\/#\\\/schema\\\/logo\\\/image\\\/\",\"url\":\"https:\\\/\\\/nikologs.ch\\\/wp-content\\\/uploads\\\/2024\\\/01\\\/logo-nikologs-1.png\",\"contentUrl\":\"https:\\\/\\\/nikologs.ch\\\/wp-content\\\/uploads\\\/2024\\\/01\\\/logo-nikologs-1.png\",\"width\":420,\"height\":440,\"caption\":\"Nikologs\"},\"image\":{\"@id\":\"https:\\\/\\\/nikologs.ch\\\/de\\\/#\\\/schema\\\/logo\\\/image\\\/\"},\"sameAs\":[\"https:\\\/\\\/www.facebook.com\\\/NikoLogs\",\"https:\\\/\\\/www.instagram.com\\\/nikologs.orvin\\\/\",\"https:\\\/\\\/www.youtube.com\\\/c\\\/NikoLogs\"]}]}<\/script>\n<!-- \/ Yoast SEO plugin. -->","yoast_head_json":{"title":"Kissen zu 100% mit Zirbenholzsp\u00e4nen gef\u00fcllt (pinus cembra) &#8211; Niko Logs","robots":{"index":"index","follow":"follow","max-snippet":"max-snippet:-1","max-image-preview":"max-image-preview:large","max-video-preview":"max-video-preview:-1"},"canonical":"https:\/\/nikologs.ch\/de\/shop\/coussin-rempli-a-100-de-copeaux-darolle\/","og_locale":"de_DE","og_type":"article","og_title":"Kissen zu 100% mit Zirbenholzsp\u00e4nen gef\u00fcllt (pinus cembra) &#8211; Niko Logs","og_description":"Die Sp\u00e4ne stammen vom Hobeln unserer Arvenholzbalken, die wir aus dem Engadin geholt haben. Der Duft wirkt beruhigend, entspannend und erinnert an die Atmosph\u00e4re einer kleinen Alph\u00fctte in Graub\u00fcnden.  Bitte geben Sie bei der Bestellung das gew\u00fcnschte Motiv an: \u201eZapfen\u201c \/ \u201eWald\u201c \/ \u201eFuchs\u201c \/ \u201eLog Cabin\u201c.","og_url":"https:\/\/nikologs.ch\/de\/shop\/coussin-rempli-a-100-de-copeaux-darolle\/","og_site_name":"Niko Logs","article_publisher":"https:\/\/www.facebook.com\/NikoLogs","article_modified_time":"2024-08-17T14:05:19+00:00","og_image":[{"width":1673,"height":1126,"url":"https:\/\/nikologs.ch\/wp-content\/uploads\/2024\/08\/WhatsApp-Image-2024-08-17-a-15.19.52_82655acc.jpg","type":"image\/jpeg"}],"twitter_card":"summary_large_image","twitter_misc":{"Gesch\u00e4tzte Lesezeit":"1\u00a0Minute"},"schema":{"@context":"https:\/\/schema.org","@graph":[{"@type":"WebPage","@id":"https:\/\/nikologs.ch\/de\/shop\/coussin-rempli-a-100-de-copeaux-darolle\/","url":"https:\/\/nikologs.ch\/de\/shop\/coussin-rempli-a-100-de-copeaux-darolle\/","name":"Kissen zu 100% mit Zirbenholzsp\u00e4nen gef\u00fcllt (pinus cembra) &#8211; Niko Logs","isPartOf":{"@id":"https:\/\/nikologs.ch\/de\/#website"},"primaryImageOfPage":{"@id":"https:\/\/nikologs.ch\/de\/shop\/coussin-rempli-a-100-de-copeaux-darolle\/#primaryimage"},"image":{"@id":"https:\/\/nikologs.ch\/de\/shop\/coussin-rempli-a-100-de-copeaux-darolle\/#primaryimage"},"thumbnailUrl":"https:\/\/nikologs.ch\/wp-content\/uploads\/2024\/08\/WhatsApp-Image-2024-08-17-a-15.19.52_82655acc.jpg","datePublished":"2024-08-17T13:44:47+00:00","dateModified":"2024-08-17T14:05:19+00:00","breadcrumb":{"@id":"https:\/\/nikologs.ch\/de\/shop\/coussin-rempli-a-100-de-copeaux-darolle\/#breadcrumb"},"inLanguage":"de","potentialAction":[{"@type":"ReadAction","target":["https:\/\/nikologs.ch\/de\/shop\/coussin-rempli-a-100-de-copeaux-darolle\/"]}]},{"@type":"ImageObject","inLanguage":"de","@id":"https:\/\/nikologs.ch\/de\/shop\/coussin-rempli-a-100-de-copeaux-darolle\/#primaryimage","url":"https:\/\/nikologs.ch\/wp-content\/uploads\/2024\/08\/WhatsApp-Image-2024-08-17-a-15.19.52_82655acc.jpg","contentUrl":"https:\/\/nikologs.ch\/wp-content\/uploads\/2024\/08\/WhatsApp-Image-2024-08-17-a-15.19.52_82655acc.jpg","width":1673,"height":1126},{"@type":"BreadcrumbList","@id":"https:\/\/nikologs.ch\/de\/shop\/coussin-rempli-a-100-de-copeaux-darolle\/#breadcrumb","itemListElement":[{"@type":"ListItem","position":1,"name":"Accueil","item":"https:\/\/nikologs.ch\/de\/"},{"@type":"ListItem","position":2,"name":"Shop","item":"https:\/\/nikologs.ch\/de\/shop\/"},{"@type":"ListItem","position":3,"name":"Kissen zu 100% mit Zirbenholzsp\u00e4nen gef\u00fcllt (pinus cembra)"}]},{"@type":"WebSite","@id":"https:\/\/nikologs.ch\/de\/#website","url":"https:\/\/nikologs.ch\/de\/","name":"Nikologs","description":"Constructions en rondins bruts \u2013 Naturstamm Holzbau","publisher":{"@id":"https:\/\/nikologs.ch\/de\/#organization"},"potentialAction":[{"@type":"SearchAction","target":{"@type":"EntryPoint","urlTemplate":"https:\/\/nikologs.ch\/de\/?s={search_term_string}"},"query-input":{"@type":"PropertyValueSpecification","valueRequired":true,"valueName":"search_term_string"}}],"inLanguage":"de"},{"@type":"Organization","@id":"https:\/\/nikologs.ch\/de\/#organization","name":"Nikologs","url":"https:\/\/nikologs.ch\/de\/","logo":{"@type":"ImageObject","inLanguage":"de","@id":"https:\/\/nikologs.ch\/de\/#\/schema\/logo\/image\/","url":"https:\/\/nikologs.ch\/wp-content\/uploads\/2024\/01\/logo-nikologs-1.png","contentUrl":"https:\/\/nikologs.ch\/wp-content\/uploads\/2024\/01\/logo-nikologs-1.png","width":420,"height":440,"caption":"Nikologs"},"image":{"@id":"https:\/\/nikologs.ch\/de\/#\/schema\/logo\/image\/"},"sameAs":["https:\/\/www.facebook.com\/NikoLogs","https:\/\/www.instagram.com\/nikologs.orvin\/","https:\/\/www.youtube.com\/c\/NikoLogs"]}]}},"_links":{"self":[{"href":"https:\/\/nikologs.ch\/de\/wp-json\/wp\/v2\/product\/1168","targetHints":{"allow":["GET"]}}],"collection":[{"href":"https:\/\/nikologs.ch\/de\/wp-json\/wp\/v2\/product"}],"about":[{"href":"https:\/\/nikologs.ch\/de\/wp-json\/wp\/v2\/types\/product"}],"replies":[{"embeddable":true,"href":"https:\/\/nikologs.ch\/de\/wp-json\/wp\/v2\/comments?post=1168"}],"wp:featuredmedia":[{"embeddable":true,"href":"https:\/\/nikologs.ch\/de\/wp-json\/wp\/v2\/media\/1166"}],"wp:attachment":[{"href":"https:\/\/nikologs.ch\/de\/wp-json\/wp\/v2\/media?parent=1168"}],"wp:term":[{"taxonomy":"product_brand","embeddable":true,"href":"https:\/\/nikologs.ch\/de\/wp-json\/wp\/v2\/product_brand?post=1168"},{"taxonomy":"product_cat","embeddable":true,"href":"https:\/\/nikologs.ch\/de\/wp-json\/wp\/v2\/product_cat?post=1168"},{"taxonomy":"product_tag","embeddable":true,"href":"https:\/\/nikologs.ch\/de\/wp-json\/wp\/v2\/product_tag?post=1168"},{"taxonomy":"product_label","embeddable":true,"href":"https:\/\/nikologs.ch\/de\/wp-json\/wp\/v2\/product_label?post=1168"}],"curies":[{"name":"wp","href":"https:\/\/api.w.org\/{rel}","templated":true}]}}