{"id":311,"date":"2023-10-25T16:41:22","date_gmt":"2023-10-25T14:41:22","guid":{"rendered":"https:\/\/nikologs.ch\/?page_id=311"},"modified":"2024-02-12T12:49:58","modified_gmt":"2024-02-12T11:49:58","slug":"ueber-mich","status":"publish","type":"page","link":"https:\/\/nikologs.ch\/de\/ueber-mich\/","title":{"rendered":"\u00dcber mich"},"content":{"rendered":"\n<p class=\"has-light-background-color has-background\">Der Name &#8222;NikoLogs&#8220; setzt sich aus einem Teil des Vornamens des Gr\u00fcnders &#8211; Nicolas &#8211; und &#8222;Logs&#8220; zusammen, was auf Englisch &#8222;St\u00e4mme&#8220; bedeutet. Das Unternehmen wurde offiziell am 1. Mai 2021 gegr\u00fcndet, existiert aber nebenbei schon seit 2011, als Nicolas in der Corr\u00e8ze bei Thierry Hourdart ein Praktikum im Blockhausbau absolviert hatte. Mit dem Blockbau-Virus wurde Nicolas angesteckt, als er 2009 einem anderen Nicolas beim Bau einer Blockh\u00fctte in Les Pr\u00e8s-d&#8217;Orvin zusah. Obwohl Nicolas den Beruf des Forstwarts erlernt und 2002 sein EFZ erhalten hatte, besuchte er weiterhin Kurse, um seine technische Berufsmaturit\u00e4t zu erlangen, mit der Idee, ein Studium als Forstingenieur zu beginnen. In diesem Jahr versuchte er jedoch, die Aufnahmepr\u00fcfung f\u00fcr die Rettungssanit\u00e4terschule in Genf zu bestehen und wurde akzeptiert, was seinem Berufsleben eine deutliche Wende gab. Nach mehr als 17 Jahren bei der Ambulanz der Region Biel, in der er alle Positionen durchlaufen hatte, erf\u00fcllte sich Nicolas 2021 seinen Traum und gr\u00fcndete offiziell sein eigenes Unternehmen, um v\u00f6llig unabh\u00e4ngig zu werden. Seitdem reist er viel durch Skandinavien und besucht Kurse \u00fcber den traditionellen Bau von Blockh\u00e4usern in ganz Europa. Er hat bereits viele Projekte realisiert und steht gerne zur Verf\u00fcgung, um auch Ihr Projekt zu verwirklichen.<\/p>\n","protected":false},"excerpt":{"rendered":"<p>Nicolas Aufranc, Blockbauer<\/p>\n","protected":false},"author":1,"featured_media":918,"parent":0,"menu_order":0,"comment_status":"closed","ping_status":"closed","template":"","meta":{"_acf_changed":false,"footnotes":""},"class_list":["post-311","page","type-page","status-publish","has-post-thumbnail","hentry"],"acf":[],"yoast_head":"<!-- This site is optimized with the Yoast SEO plugin v27.2 - https:\/\/yoast.com\/product\/yoast-seo-wordpress\/ -->\n<title>\u00dcber mich &#8211; Niko Logs<\/title>\n<meta name=\"robots\" content=\"index, follow, max-snippet:-1, max-image-preview:large, max-video-preview:-1\" \/>\n<link rel=\"canonical\" href=\"https:\/\/nikologs.ch\/de\/ueber-mich\/\" \/>\n<meta property=\"og:locale\" content=\"de_DE\" \/>\n<meta property=\"og:type\" content=\"article\" \/>\n<meta property=\"og:title\" content=\"\u00dcber mich &#8211; Niko Logs\" \/>\n<meta property=\"og:description\" content=\"Nicolas Aufranc, Blockbauer\" \/>\n<meta property=\"og:url\" content=\"https:\/\/nikologs.ch\/de\/ueber-mich\/\" \/>\n<meta property=\"og:site_name\" content=\"Niko Logs\" \/>\n<meta property=\"article:publisher\" content=\"https:\/\/www.facebook.com\/NikoLogs\" \/>\n<meta property=\"article:modified_time\" content=\"2024-02-12T11:49:58+00:00\" \/>\n<meta property=\"og:image\" content=\"https:\/\/nikologs.ch\/wp-content\/uploads\/2024\/01\/FB_IMG_1695737763025.jpg\" \/>\n\t<meta property=\"og:image:width\" content=\"1080\" \/>\n\t<meta property=\"og:image:height\" content=\"713\" \/>\n\t<meta property=\"og:image:type\" content=\"image\/jpeg\" \/>\n<meta name=\"twitter:card\" content=\"summary_large_image\" \/>\n<meta name=\"twitter:label1\" content=\"Gesch\u00e4tzte Lesezeit\" \/>\n\t<meta name=\"twitter:data1\" content=\"2\u00a0Minuten\" \/>\n<script type=\"application\/ld+json\" class=\"yoast-schema-graph\">{\"@context\":\"https:\/\/schema.org\",\"@graph\":[{\"@type\":\"WebPage\",\"@id\":\"https:\/\/nikologs.ch\/de\/ueber-mich\/\",\"url\":\"https:\/\/nikologs.ch\/de\/ueber-mich\/\",\"name\":\"\u00dcber mich &#8211; Niko Logs\",\"isPartOf\":{\"@id\":\"https:\/\/nikologs.ch\/de\/#website\"},\"primaryImageOfPage\":{\"@id\":\"https:\/\/nikologs.ch\/de\/ueber-mich\/#primaryimage\"},\"image\":{\"@id\":\"https:\/\/nikologs.ch\/de\/ueber-mich\/#primaryimage\"},\"thumbnailUrl\":\"https:\/\/nikologs.ch\/wp-content\/uploads\/2024\/01\/FB_IMG_1695737763025.jpg\",\"datePublished\":\"2023-10-25T14:41:22+00:00\",\"dateModified\":\"2024-02-12T11:49:58+00:00\",\"breadcrumb\":{\"@id\":\"https:\/\/nikologs.ch\/de\/ueber-mich\/#breadcrumb\"},\"inLanguage\":\"de\",\"potentialAction\":[{\"@type\":\"ReadAction\",\"target\":[\"https:\/\/nikologs.ch\/de\/ueber-mich\/\"]}]},{\"@type\":\"ImageObject\",\"inLanguage\":\"de\",\"@id\":\"https:\/\/nikologs.ch\/de\/ueber-mich\/#primaryimage\",\"url\":\"https:\/\/nikologs.ch\/wp-content\/uploads\/2024\/01\/FB_IMG_1695737763025.jpg\",\"contentUrl\":\"https:\/\/nikologs.ch\/wp-content\/uploads\/2024\/01\/FB_IMG_1695737763025.jpg\",\"width\":1080,\"height\":713,\"caption\":\"DCIM100MEDIADJI_0195.JPG\"},{\"@type\":\"BreadcrumbList\",\"@id\":\"https:\/\/nikologs.ch\/de\/ueber-mich\/#breadcrumb\",\"itemListElement\":[{\"@type\":\"ListItem\",\"position\":1,\"name\":\"Accueil\",\"item\":\"https:\/\/nikologs.ch\/de\/\"},{\"@type\":\"ListItem\",\"position\":2,\"name\":\"\u00dcber mich\"}]},{\"@type\":\"WebSite\",\"@id\":\"https:\/\/nikologs.ch\/de\/#website\",\"url\":\"https:\/\/nikologs.ch\/de\/\",\"name\":\"Nikologs\",\"description\":\"Constructions en rondins bruts \u2013 Naturstamm Holzbau\",\"publisher\":{\"@id\":\"https:\/\/nikologs.ch\/de\/#organization\"},\"potentialAction\":[{\"@type\":\"SearchAction\",\"target\":{\"@type\":\"EntryPoint\",\"urlTemplate\":\"https:\/\/nikologs.ch\/de\/?s={search_term_string}\"},\"query-input\":{\"@type\":\"PropertyValueSpecification\",\"valueRequired\":true,\"valueName\":\"search_term_string\"}}],\"inLanguage\":\"de\"},{\"@type\":\"Organization\",\"@id\":\"https:\/\/nikologs.ch\/de\/#organization\",\"name\":\"Nikologs\",\"url\":\"https:\/\/nikologs.ch\/de\/\",\"logo\":{\"@type\":\"ImageObject\",\"inLanguage\":\"de\",\"@id\":\"https:\/\/nikologs.ch\/de\/#\/schema\/logo\/image\/\",\"url\":\"https:\/\/nikologs.ch\/wp-content\/uploads\/2024\/01\/logo-nikologs-1.png\",\"contentUrl\":\"https:\/\/nikologs.ch\/wp-content\/uploads\/2024\/01\/logo-nikologs-1.png\",\"width\":420,\"height\":440,\"caption\":\"Nikologs\"},\"image\":{\"@id\":\"https:\/\/nikologs.ch\/de\/#\/schema\/logo\/image\/\"},\"sameAs\":[\"https:\/\/www.facebook.com\/NikoLogs\",\"https:\/\/www.instagram.com\/nikologs.orvin\/\",\"https:\/\/www.youtube.com\/c\/NikoLogs\"]}]}<\/script>\n<!-- \/ Yoast SEO plugin. -->","yoast_head_json":{"title":"\u00dcber mich &#8211; Niko Logs","robots":{"index":"index","follow":"follow","max-snippet":"max-snippet:-1","max-image-preview":"max-image-preview:large","max-video-preview":"max-video-preview:-1"},"canonical":"https:\/\/nikologs.ch\/de\/ueber-mich\/","og_locale":"de_DE","og_type":"article","og_title":"\u00dcber mich &#8211; Niko Logs","og_description":"Nicolas Aufranc, Blockbauer","og_url":"https:\/\/nikologs.ch\/de\/ueber-mich\/","og_site_name":"Niko Logs","article_publisher":"https:\/\/www.facebook.com\/NikoLogs","article_modified_time":"2024-02-12T11:49:58+00:00","og_image":[{"width":1080,"height":713,"url":"https:\/\/nikologs.ch\/wp-content\/uploads\/2024\/01\/FB_IMG_1695737763025.jpg","type":"image\/jpeg"}],"twitter_card":"summary_large_image","twitter_misc":{"Gesch\u00e4tzte Lesezeit":"2\u00a0Minuten"},"schema":{"@context":"https:\/\/schema.org","@graph":[{"@type":"WebPage","@id":"https:\/\/nikologs.ch\/de\/ueber-mich\/","url":"https:\/\/nikologs.ch\/de\/ueber-mich\/","name":"\u00dcber mich &#8211; Niko Logs","isPartOf":{"@id":"https:\/\/nikologs.ch\/de\/#website"},"primaryImageOfPage":{"@id":"https:\/\/nikologs.ch\/de\/ueber-mich\/#primaryimage"},"image":{"@id":"https:\/\/nikologs.ch\/de\/ueber-mich\/#primaryimage"},"thumbnailUrl":"https:\/\/nikologs.ch\/wp-content\/uploads\/2024\/01\/FB_IMG_1695737763025.jpg","datePublished":"2023-10-25T14:41:22+00:00","dateModified":"2024-02-12T11:49:58+00:00","breadcrumb":{"@id":"https:\/\/nikologs.ch\/de\/ueber-mich\/#breadcrumb"},"inLanguage":"de","potentialAction":[{"@type":"ReadAction","target":["https:\/\/nikologs.ch\/de\/ueber-mich\/"]}]},{"@type":"ImageObject","inLanguage":"de","@id":"https:\/\/nikologs.ch\/de\/ueber-mich\/#primaryimage","url":"https:\/\/nikologs.ch\/wp-content\/uploads\/2024\/01\/FB_IMG_1695737763025.jpg","contentUrl":"https:\/\/nikologs.ch\/wp-content\/uploads\/2024\/01\/FB_IMG_1695737763025.jpg","width":1080,"height":713,"caption":"DCIM100MEDIADJI_0195.JPG"},{"@type":"BreadcrumbList","@id":"https:\/\/nikologs.ch\/de\/ueber-mich\/#breadcrumb","itemListElement":[{"@type":"ListItem","position":1,"name":"Accueil","item":"https:\/\/nikologs.ch\/de\/"},{"@type":"ListItem","position":2,"name":"\u00dcber mich"}]},{"@type":"WebSite","@id":"https:\/\/nikologs.ch\/de\/#website","url":"https:\/\/nikologs.ch\/de\/","name":"Nikologs","description":"Constructions en rondins bruts \u2013 Naturstamm Holzbau","publisher":{"@id":"https:\/\/nikologs.ch\/de\/#organization"},"potentialAction":[{"@type":"SearchAction","target":{"@type":"EntryPoint","urlTemplate":"https:\/\/nikologs.ch\/de\/?s={search_term_string}"},"query-input":{"@type":"PropertyValueSpecification","valueRequired":true,"valueName":"search_term_string"}}],"inLanguage":"de"},{"@type":"Organization","@id":"https:\/\/nikologs.ch\/de\/#organization","name":"Nikologs","url":"https:\/\/nikologs.ch\/de\/","logo":{"@type":"ImageObject","inLanguage":"de","@id":"https:\/\/nikologs.ch\/de\/#\/schema\/logo\/image\/","url":"https:\/\/nikologs.ch\/wp-content\/uploads\/2024\/01\/logo-nikologs-1.png","contentUrl":"https:\/\/nikologs.ch\/wp-content\/uploads\/2024\/01\/logo-nikologs-1.png","width":420,"height":440,"caption":"Nikologs"},"image":{"@id":"https:\/\/nikologs.ch\/de\/#\/schema\/logo\/image\/"},"sameAs":["https:\/\/www.facebook.com\/NikoLogs","https:\/\/www.instagram.com\/nikologs.orvin\/","https:\/\/www.youtube.com\/c\/NikoLogs"]}]}},"_links":{"self":[{"href":"https:\/\/nikologs.ch\/de\/wp-json\/wp\/v2\/pages\/311","targetHints":{"allow":["GET"]}}],"collection":[{"href":"https:\/\/nikologs.ch\/de\/wp-json\/wp\/v2\/pages"}],"about":[{"href":"https:\/\/nikologs.ch\/de\/wp-json\/wp\/v2\/types\/page"}],"author":[{"embeddable":true,"href":"https:\/\/nikologs.ch\/de\/wp-json\/wp\/v2\/users\/1"}],"replies":[{"embeddable":true,"href":"https:\/\/nikologs.ch\/de\/wp-json\/wp\/v2\/comments?post=311"}],"version-history":[{"count":0,"href":"https:\/\/nikologs.ch\/de\/wp-json\/wp\/v2\/pages\/311\/revisions"}],"wp:featuredmedia":[{"embeddable":true,"href":"https:\/\/nikologs.ch\/de\/wp-json\/wp\/v2\/media\/918"}],"wp:attachment":[{"href":"https:\/\/nikologs.ch\/de\/wp-json\/wp\/v2\/media?parent=311"}],"curies":[{"name":"wp","href":"https:\/\/api.w.org\/{rel}","templated":true}]}}