{"id":306,"date":"2023-10-25T16:12:01","date_gmt":"2023-10-25T14:12:01","guid":{"rendered":"https:\/\/nikologs.ch\/creations\/"},"modified":"2024-10-30T17:04:40","modified_gmt":"2024-10-30T16:04:40","slug":"realisierungen","status":"publish","type":"page","link":"https:\/\/nikologs.ch\/de\/realisierungen\/","title":{"rendered":"Realisierungen"},"content":{"rendered":"\n<section class=\"acf-block-creations block-creations section-creations alignwide has-background has-light-background-color\">\n  <div class=\"section-container\">\n    \n<ul class=\"list-projects\">\n      <li class=\"project post\">\n      <div class=\"inner-content\">\n        <div class=\"entry-thumbnail\">\n          <figure class=\"img\">\n            <img loading=\"lazy\" decoding=\"async\" width=\"840\" height=\"560\" src=\"https:\/\/nikologs.ch\/wp-content\/uploads\/2023\/11\/20240322_165801-840x560.jpg\" class=\"attachment-list-thumb size-list-thumb wp-post-image\" alt=\"\" srcset=\"https:\/\/nikologs.ch\/wp-content\/uploads\/2023\/11\/20240322_165801-840x560.jpg 840w, https:\/\/nikologs.ch\/wp-content\/uploads\/2023\/11\/20240322_165801-600x400.jpg 600w, https:\/\/nikologs.ch\/wp-content\/uploads\/2023\/11\/20240322_165801-1050x700.jpg 1050w\" sizes=\"auto, (max-width: 840px) 100vw, 840px\" \/>          <\/figure>\n        <\/div>\n        <div class=\"entry-content\">\n          <h2 class=\"title\">\n            <a href=\"https:\/\/nikologs.ch\/de\/realisierungen\/tische-baenke\/\">Tische &#038; B\u00e4nke<\/a>\n          <\/h2>\n          <p>Die Tische und B\u00e4nke sind ideal f\u00fcr Picknickpl\u00e4tze, f\u00fcr zu Hause unter einer Pergola oder auch drinnen f\u00fcr Sitzungsr\u00e4ume. <\/p>\n        <\/div><!-- .content -->\n      <\/div>\n    <\/li>\n      <li class=\"project post\">\n      <div class=\"inner-content\">\n        <div class=\"entry-thumbnail\">\n          <figure class=\"img\">\n            <img loading=\"lazy\" decoding=\"async\" width=\"840\" height=\"560\" src=\"https:\/\/nikologs.ch\/wp-content\/uploads\/2024\/01\/20231215_140740-scaled-840x560.jpg\" class=\"attachment-list-thumb size-list-thumb wp-post-image\" alt=\"\" srcset=\"https:\/\/nikologs.ch\/wp-content\/uploads\/2024\/01\/20231215_140740-scaled-840x560.jpg 840w, https:\/\/nikologs.ch\/wp-content\/uploads\/2024\/01\/20231215_140740-scaled-600x400.jpg 600w, https:\/\/nikologs.ch\/wp-content\/uploads\/2024\/01\/20231215_140740-scaled-1050x700.jpg 1050w\" sizes=\"auto, (max-width: 840px) 100vw, 840px\" \/>          <\/figure>\n        <\/div>\n        <div class=\"entry-content\">\n          <h2 class=\"title\">\n            <a href=\"https:\/\/nikologs.ch\/de\/realisierungen\/trockentoilette\/\">Trockentoilette<\/a>\n          <\/h2>\n          <p>Ich baue ma\u00dfgeschneiderte Trockentoiletten, die bei Bedarf bewegt werden k\u00f6nnen. <\/p>\n        <\/div><!-- .content -->\n      <\/div>\n    <\/li>\n      <li class=\"project post\">\n      <div class=\"inner-content\">\n        <div class=\"entry-thumbnail\">\n          <figure class=\"img\">\n            <img loading=\"lazy\" decoding=\"async\" width=\"840\" height=\"560\" src=\"https:\/\/nikologs.ch\/wp-content\/uploads\/2023\/11\/DJI_0428-840x560.jpg\" class=\"attachment-list-thumb size-list-thumb wp-post-image\" alt=\"\" srcset=\"https:\/\/nikologs.ch\/wp-content\/uploads\/2023\/11\/DJI_0428-840x560.jpg 840w, https:\/\/nikologs.ch\/wp-content\/uploads\/2023\/11\/DJI_0428-600x400.jpg 600w, https:\/\/nikologs.ch\/wp-content\/uploads\/2023\/11\/DJI_0428-1050x700.jpg 1050w\" sizes=\"auto, (max-width: 840px) 100vw, 840px\" \/>          <\/figure>\n        <\/div>\n        <div class=\"entry-content\">\n          <h2 class=\"title\">\n            <a href=\"https:\/\/nikologs.ch\/de\/realisierungen\/lagerhalle\/\">Lagerhalle<\/a>\n          <\/h2>\n          <p>Die St\u00e4mme k\u00f6nnen auch vertikal verarbeitet werden, was den Bau von Holzstrukturen aus Naturst\u00e4mme, wie hier bei dieser 13 m langen, 5 m breiten und 8 m hohen Hackschnitzelhalle. <\/p>\n        <\/div><!-- .content -->\n      <\/div>\n    <\/li>\n      <li class=\"project post\">\n      <div class=\"inner-content\">\n        <div class=\"entry-thumbnail\">\n          <figure class=\"img\">\n            <img loading=\"lazy\" decoding=\"async\" width=\"840\" height=\"560\" src=\"https:\/\/nikologs.ch\/wp-content\/uploads\/2023\/11\/20231020_162309-scaled-840x560.jpg\" class=\"attachment-list-thumb size-list-thumb wp-post-image\" alt=\"\" srcset=\"https:\/\/nikologs.ch\/wp-content\/uploads\/2023\/11\/20231020_162309-scaled-840x560.jpg 840w, https:\/\/nikologs.ch\/wp-content\/uploads\/2023\/11\/20231020_162309-scaled-600x400.jpg 600w, https:\/\/nikologs.ch\/wp-content\/uploads\/2023\/11\/20231020_162309-scaled-1050x700.jpg 1050w\" sizes=\"auto, (max-width: 840px) 100vw, 840px\" \/>          <\/figure>\n        <\/div>\n        <div class=\"entry-content\">\n          <h2 class=\"title\">\n            <a href=\"https:\/\/nikologs.ch\/de\/realisierungen\/verschiedene-bauwerke\/\">Verschiedene Bauwerke<\/a>\n          <\/h2>\n          <p>Baumst\u00e4mme k\u00f6nnen in verschiedenen Projekten ihren Platz finden. <\/p>\n        <\/div><!-- .content -->\n      <\/div>\n    <\/li>\n      <li class=\"project post\">\n      <div class=\"inner-content\">\n        <div class=\"entry-thumbnail\">\n          <figure class=\"img\">\n            <img loading=\"lazy\" decoding=\"async\" width=\"840\" height=\"560\" src=\"https:\/\/nikologs.ch\/wp-content\/uploads\/2023\/11\/WhatsApp-Image-2024-08-28-a-17.17.10_3276816a-2-840x560.jpg\" class=\"attachment-list-thumb size-list-thumb wp-post-image\" alt=\"\" srcset=\"https:\/\/nikologs.ch\/wp-content\/uploads\/2023\/11\/WhatsApp-Image-2024-08-28-a-17.17.10_3276816a-2-840x560.jpg 840w, https:\/\/nikologs.ch\/wp-content\/uploads\/2023\/11\/WhatsApp-Image-2024-08-28-a-17.17.10_3276816a-2-600x400.jpg 600w, https:\/\/nikologs.ch\/wp-content\/uploads\/2023\/11\/WhatsApp-Image-2024-08-28-a-17.17.10_3276816a-2-1050x700.jpg 1050w\" sizes=\"auto, (max-width: 840px) 100vw, 840px\" \/>          <\/figure>\n        <\/div>\n        <div class=\"entry-content\">\n          <h2 class=\"title\">\n            <a href=\"https:\/\/nikologs.ch\/de\/realisierungen\/betten\/\">Betten<\/a>\n          <\/h2>\n          <p>Da wir nicht im Wald schlafen, k\u00f6nnen wir uns ein St\u00fcck Wald ins Haus holen.<\/p>\n        <\/div><!-- .content -->\n      <\/div>\n    <\/li>\n      <li class=\"project post\">\n      <div class=\"inner-content\">\n        <div class=\"entry-thumbnail\">\n          <figure class=\"img\">\n            <img loading=\"lazy\" decoding=\"async\" width=\"840\" height=\"560\" src=\"https:\/\/nikologs.ch\/wp-content\/uploads\/2023\/11\/332304574_6030948366928169_6376075296787061070_n-840x560.jpg\" class=\"attachment-list-thumb size-list-thumb wp-post-image\" alt=\"\" srcset=\"https:\/\/nikologs.ch\/wp-content\/uploads\/2023\/11\/332304574_6030948366928169_6376075296787061070_n-840x560.jpg 840w, https:\/\/nikologs.ch\/wp-content\/uploads\/2023\/11\/332304574_6030948366928169_6376075296787061070_n-600x400.jpg 600w, https:\/\/nikologs.ch\/wp-content\/uploads\/2023\/11\/332304574_6030948366928169_6376075296787061070_n-1050x700.jpg 1050w\" sizes=\"auto, (max-width: 840px) 100vw, 840px\" \/>          <\/figure>\n        <\/div>\n        <div class=\"entry-content\">\n          <h2 class=\"title\">\n            <a href=\"https:\/\/nikologs.ch\/de\/realisierungen\/huetten-und-wohnhaeuser\/\">H\u00fctten und Wohnh\u00e4user<\/a>\n          <\/h2>\n          <p>Ein Haus aus unbehandeltem Holz, das nach der Blockbau Technik gestapelt und genau aneinander angepasst wird, wirkt Wunder in Bezug auf die Qualit\u00e4t des &#8222;Wohnens&#8220; und des gesunden Lebens. <\/p>\n        <\/div><!-- .content -->\n      <\/div>\n    <\/li>\n  <\/ul>\n  <\/div>\n<\/section>\n","protected":false},"excerpt":{"rendered":"<p>Lassen Sie sich von den vielen M\u00f6glichkeiten \u00fcberraschen, die Naturstammholz bietet. <\/p>\n","protected":false},"author":1,"featured_media":128,"parent":0,"menu_order":0,"comment_status":"closed","ping_status":"closed","template":"","meta":{"_acf_changed":false,"footnotes":""},"class_list":["post-306","page","type-page","status-publish","has-post-thumbnail","hentry"],"acf":[],"yoast_head":"<!-- This site is optimized with the Yoast SEO plugin v27.2 - https:\/\/yoast.com\/product\/yoast-seo-wordpress\/ -->\n<title>Realisierungen &#8211; Niko Logs<\/title>\n<meta name=\"robots\" content=\"index, follow, max-snippet:-1, max-image-preview:large, max-video-preview:-1\" \/>\n<link rel=\"canonical\" href=\"https:\/\/nikologs.ch\/de\/realisierungen\/\" \/>\n<meta property=\"og:locale\" content=\"de_DE\" \/>\n<meta property=\"og:type\" content=\"article\" \/>\n<meta property=\"og:title\" content=\"Realisierungen &#8211; Niko Logs\" \/>\n<meta property=\"og:description\" content=\"Lassen Sie sich von den vielen M\u00f6glichkeiten \u00fcberraschen, die Naturstammholz bietet.\" \/>\n<meta property=\"og:url\" content=\"https:\/\/nikologs.ch\/de\/realisierungen\/\" \/>\n<meta property=\"og:site_name\" content=\"Niko Logs\" \/>\n<meta property=\"article:publisher\" content=\"https:\/\/www.facebook.com\/NikoLogs\" \/>\n<meta property=\"article:modified_time\" content=\"2024-10-30T16:04:40+00:00\" \/>\n<meta property=\"og:image\" content=\"https:\/\/nikologs.ch\/wp-content\/uploads\/2023\/11\/nikologs_cabanes_01.jpg\" \/>\n\t<meta property=\"og:image:width\" content=\"1280\" \/>\n\t<meta property=\"og:image:height\" content=\"960\" \/>\n\t<meta property=\"og:image:type\" content=\"image\/jpeg\" \/>\n<meta name=\"twitter:card\" content=\"summary_large_image\" \/>\n<meta name=\"twitter:label1\" content=\"Gesch\u00e4tzte Lesezeit\" \/>\n\t<meta name=\"twitter:data1\" content=\"1\u00a0Minute\" \/>\n<script type=\"application\/ld+json\" class=\"yoast-schema-graph\">{\"@context\":\"https:\/\/schema.org\",\"@graph\":[{\"@type\":\"WebPage\",\"@id\":\"https:\/\/nikologs.ch\/de\/realisierungen\/\",\"url\":\"https:\/\/nikologs.ch\/de\/realisierungen\/\",\"name\":\"Realisierungen &#8211; Niko Logs\",\"isPartOf\":{\"@id\":\"https:\/\/nikologs.ch\/de\/#website\"},\"primaryImageOfPage\":{\"@id\":\"https:\/\/nikologs.ch\/de\/realisierungen\/#primaryimage\"},\"image\":{\"@id\":\"https:\/\/nikologs.ch\/de\/realisierungen\/#primaryimage\"},\"thumbnailUrl\":\"https:\/\/nikologs.ch\/wp-content\/uploads\/2023\/11\/nikologs_cabanes_01.jpg\",\"datePublished\":\"2023-10-25T14:12:01+00:00\",\"dateModified\":\"2024-10-30T16:04:40+00:00\",\"breadcrumb\":{\"@id\":\"https:\/\/nikologs.ch\/de\/realisierungen\/#breadcrumb\"},\"inLanguage\":\"de\",\"potentialAction\":[{\"@type\":\"ReadAction\",\"target\":[\"https:\/\/nikologs.ch\/de\/realisierungen\/\"]}]},{\"@type\":\"ImageObject\",\"inLanguage\":\"de\",\"@id\":\"https:\/\/nikologs.ch\/de\/realisierungen\/#primaryimage\",\"url\":\"https:\/\/nikologs.ch\/wp-content\/uploads\/2023\/11\/nikologs_cabanes_01.jpg\",\"contentUrl\":\"https:\/\/nikologs.ch\/wp-content\/uploads\/2023\/11\/nikologs_cabanes_01.jpg\",\"width\":1280,\"height\":960},{\"@type\":\"BreadcrumbList\",\"@id\":\"https:\/\/nikologs.ch\/de\/realisierungen\/#breadcrumb\",\"itemListElement\":[{\"@type\":\"ListItem\",\"position\":1,\"name\":\"Accueil\",\"item\":\"https:\/\/nikologs.ch\/de\/\"},{\"@type\":\"ListItem\",\"position\":2,\"name\":\"Realisierungen\"}]},{\"@type\":\"WebSite\",\"@id\":\"https:\/\/nikologs.ch\/de\/#website\",\"url\":\"https:\/\/nikologs.ch\/de\/\",\"name\":\"Nikologs\",\"description\":\"Constructions en rondins bruts \u2013 Naturstamm Holzbau\",\"publisher\":{\"@id\":\"https:\/\/nikologs.ch\/de\/#organization\"},\"potentialAction\":[{\"@type\":\"SearchAction\",\"target\":{\"@type\":\"EntryPoint\",\"urlTemplate\":\"https:\/\/nikologs.ch\/de\/?s={search_term_string}\"},\"query-input\":{\"@type\":\"PropertyValueSpecification\",\"valueRequired\":true,\"valueName\":\"search_term_string\"}}],\"inLanguage\":\"de\"},{\"@type\":\"Organization\",\"@id\":\"https:\/\/nikologs.ch\/de\/#organization\",\"name\":\"Nikologs\",\"url\":\"https:\/\/nikologs.ch\/de\/\",\"logo\":{\"@type\":\"ImageObject\",\"inLanguage\":\"de\",\"@id\":\"https:\/\/nikologs.ch\/de\/#\/schema\/logo\/image\/\",\"url\":\"https:\/\/nikologs.ch\/wp-content\/uploads\/2024\/01\/logo-nikologs-1.png\",\"contentUrl\":\"https:\/\/nikologs.ch\/wp-content\/uploads\/2024\/01\/logo-nikologs-1.png\",\"width\":420,\"height\":440,\"caption\":\"Nikologs\"},\"image\":{\"@id\":\"https:\/\/nikologs.ch\/de\/#\/schema\/logo\/image\/\"},\"sameAs\":[\"https:\/\/www.facebook.com\/NikoLogs\",\"https:\/\/www.instagram.com\/nikologs.orvin\/\",\"https:\/\/www.youtube.com\/c\/NikoLogs\"]}]}<\/script>\n<!-- \/ Yoast SEO plugin. -->","yoast_head_json":{"title":"Realisierungen &#8211; Niko Logs","robots":{"index":"index","follow":"follow","max-snippet":"max-snippet:-1","max-image-preview":"max-image-preview:large","max-video-preview":"max-video-preview:-1"},"canonical":"https:\/\/nikologs.ch\/de\/realisierungen\/","og_locale":"de_DE","og_type":"article","og_title":"Realisierungen &#8211; Niko Logs","og_description":"Lassen Sie sich von den vielen M\u00f6glichkeiten \u00fcberraschen, die Naturstammholz bietet.","og_url":"https:\/\/nikologs.ch\/de\/realisierungen\/","og_site_name":"Niko Logs","article_publisher":"https:\/\/www.facebook.com\/NikoLogs","article_modified_time":"2024-10-30T16:04:40+00:00","og_image":[{"width":1280,"height":960,"url":"https:\/\/nikologs.ch\/wp-content\/uploads\/2023\/11\/nikologs_cabanes_01.jpg","type":"image\/jpeg"}],"twitter_card":"summary_large_image","twitter_misc":{"Gesch\u00e4tzte Lesezeit":"1\u00a0Minute"},"schema":{"@context":"https:\/\/schema.org","@graph":[{"@type":"WebPage","@id":"https:\/\/nikologs.ch\/de\/realisierungen\/","url":"https:\/\/nikologs.ch\/de\/realisierungen\/","name":"Realisierungen &#8211; Niko Logs","isPartOf":{"@id":"https:\/\/nikologs.ch\/de\/#website"},"primaryImageOfPage":{"@id":"https:\/\/nikologs.ch\/de\/realisierungen\/#primaryimage"},"image":{"@id":"https:\/\/nikologs.ch\/de\/realisierungen\/#primaryimage"},"thumbnailUrl":"https:\/\/nikologs.ch\/wp-content\/uploads\/2023\/11\/nikologs_cabanes_01.jpg","datePublished":"2023-10-25T14:12:01+00:00","dateModified":"2024-10-30T16:04:40+00:00","breadcrumb":{"@id":"https:\/\/nikologs.ch\/de\/realisierungen\/#breadcrumb"},"inLanguage":"de","potentialAction":[{"@type":"ReadAction","target":["https:\/\/nikologs.ch\/de\/realisierungen\/"]}]},{"@type":"ImageObject","inLanguage":"de","@id":"https:\/\/nikologs.ch\/de\/realisierungen\/#primaryimage","url":"https:\/\/nikologs.ch\/wp-content\/uploads\/2023\/11\/nikologs_cabanes_01.jpg","contentUrl":"https:\/\/nikologs.ch\/wp-content\/uploads\/2023\/11\/nikologs_cabanes_01.jpg","width":1280,"height":960},{"@type":"BreadcrumbList","@id":"https:\/\/nikologs.ch\/de\/realisierungen\/#breadcrumb","itemListElement":[{"@type":"ListItem","position":1,"name":"Accueil","item":"https:\/\/nikologs.ch\/de\/"},{"@type":"ListItem","position":2,"name":"Realisierungen"}]},{"@type":"WebSite","@id":"https:\/\/nikologs.ch\/de\/#website","url":"https:\/\/nikologs.ch\/de\/","name":"Nikologs","description":"Constructions en rondins bruts \u2013 Naturstamm Holzbau","publisher":{"@id":"https:\/\/nikologs.ch\/de\/#organization"},"potentialAction":[{"@type":"SearchAction","target":{"@type":"EntryPoint","urlTemplate":"https:\/\/nikologs.ch\/de\/?s={search_term_string}"},"query-input":{"@type":"PropertyValueSpecification","valueRequired":true,"valueName":"search_term_string"}}],"inLanguage":"de"},{"@type":"Organization","@id":"https:\/\/nikologs.ch\/de\/#organization","name":"Nikologs","url":"https:\/\/nikologs.ch\/de\/","logo":{"@type":"ImageObject","inLanguage":"de","@id":"https:\/\/nikologs.ch\/de\/#\/schema\/logo\/image\/","url":"https:\/\/nikologs.ch\/wp-content\/uploads\/2024\/01\/logo-nikologs-1.png","contentUrl":"https:\/\/nikologs.ch\/wp-content\/uploads\/2024\/01\/logo-nikologs-1.png","width":420,"height":440,"caption":"Nikologs"},"image":{"@id":"https:\/\/nikologs.ch\/de\/#\/schema\/logo\/image\/"},"sameAs":["https:\/\/www.facebook.com\/NikoLogs","https:\/\/www.instagram.com\/nikologs.orvin\/","https:\/\/www.youtube.com\/c\/NikoLogs"]}]}},"_links":{"self":[{"href":"https:\/\/nikologs.ch\/de\/wp-json\/wp\/v2\/pages\/306","targetHints":{"allow":["GET"]}}],"collection":[{"href":"https:\/\/nikologs.ch\/de\/wp-json\/wp\/v2\/pages"}],"about":[{"href":"https:\/\/nikologs.ch\/de\/wp-json\/wp\/v2\/types\/page"}],"author":[{"embeddable":true,"href":"https:\/\/nikologs.ch\/de\/wp-json\/wp\/v2\/users\/1"}],"replies":[{"embeddable":true,"href":"https:\/\/nikologs.ch\/de\/wp-json\/wp\/v2\/comments?post=306"}],"version-history":[{"count":0,"href":"https:\/\/nikologs.ch\/de\/wp-json\/wp\/v2\/pages\/306\/revisions"}],"wp:featuredmedia":[{"embeddable":true,"href":"https:\/\/nikologs.ch\/de\/wp-json\/wp\/v2\/media\/128"}],"wp:attachment":[{"href":"https:\/\/nikologs.ch\/de\/wp-json\/wp\/v2\/media?parent=306"}],"curies":[{"name":"wp","href":"https:\/\/api.w.org\/{rel}","templated":true}]}}