{"id":1021,"date":"2023-11-13T18:09:27","date_gmt":"2023-11-13T17:09:27","guid":{"rendered":"https:\/\/nikologs.ch\/?page_id=1021"},"modified":"2024-03-07T08:48:28","modified_gmt":"2024-03-07T07:48:28","slug":"allgemeine-geschaeftsbedingungen","status":"publish","type":"page","link":"https:\/\/nikologs.ch\/de\/allgemeine-geschaeftsbedingungen\/","title":{"rendered":"Allgemeine Gesch\u00e4ftsbedingungen"},"content":{"rendered":"\n<h2 class=\"wp-block-heading has-medium-font-size\">Preise<\/h2>\n\n\n\n<p>Die Preise sind in Schweizer Franken angegeben, Nettobetr\u00e4ge, inklusive Mehrwertsteuer und garantiert. Artikel mit einer Garantie unterliegen den Bedingungen des zum Zeitpunkt des Kaufs g\u00fcltigen Angebots. Die Garantie beginnt mit dem Datum der Lieferung des Artikels, die durch das Begleitdokument (Rechnung) belegt wird, das Sie bitte sorgf\u00e4ltig aufbewahren. Nicht abgedeckt sind: Sch\u00e4den, die durch unsachgem\u00e4\u00dfe Pflege, Nichtbeachtung der Gebrauchsanweisung oder normalen Verschlei\u00df entstanden sind.<\/p>\n\n\n\n<h2 class=\"wp-block-heading has-medium-font-size\">Verf\u00fcrbarkeit<\/h2>\n\n\n\n<p style=\"text-transform:none\">Sollte ein Produkt nicht verf\u00fcgbar sein, werden wir Sie so schnell wie m\u00f6glich informieren.<\/p>\n\n\n\n<h2 class=\"wp-block-heading has-medium-font-size\">Zahlungsbedingungen<\/h2>\n\n\n\n<p>Zahlungsmethoden: TWINT, Kreditkarte, Bank\u00fcberweisung und Barzahlung bei Abholung der Ware.<\/p>\n\n\n\n<h2 class=\"wp-block-heading has-medium-font-size\">Lieferung und Versand<\/h2>\n\n\n\n<p style=\"text-transform:none\">Der Versand der verf\u00fcgbaren Artikel erfolgt per Post innerhalb von etwa 5 bis 10 Tagen. Eine Beteiligung Ihrerseits wird nur einmal pro Bestellung verlangt.<\/p>\n\n\n\n<p style=\"text-transform:none\">HINWEIS: NIKOLOGS liefert seine Pakete nicht in Postf\u00e4chern aus und liefert keine Waren an minderj\u00e4hrige oder bevormundete Kunden, es sei denn, es liegt eine schriftliche Genehmigung der Eltern oder des Vormunds vor.<\/p>\n\n\n\n<h2 class=\"wp-block-heading has-medium-font-size\">R\u00fcckgabe oder Umtausch von Waren<\/h2>\n\n\n\n<p style=\"text-transform:none\">Die Artikel m\u00fcssen innerhalb von 7 Tagen nach Erhalt Ihres Pakets intakt und vollst\u00e4ndig in ihrer Originalverpackung (mit den Etiketten, auf denen die Artikelnummern vermerkt sind) zusammen mit dem Lieferschein zur\u00fcckgeschickt werden. Die mit der R\u00fccksendung verbundenen Portokosten gehen zu Ihren Lasten. Im Falle einer Umtauschbestellung werden Ihnen die Versandkosten f\u00fcr Ihre neue Bestellung erlassen.<\/p>\n\n\n\n<h2 class=\"wp-block-heading has-medium-font-size\">Gesetzliche Garantie<\/h2>\n\n\n\n<p style=\"text-transform:none\">\u00dcberpr\u00fcfen Sie den Zustand der gelieferten Waren unverz\u00fcglich, um offensichtliche Material- und Herstellungsfehler sowie Transportsch\u00e4den auszuschlie\u00dfen. Nach dem Gesetz sind Sie verpflichtet, uns alle M\u00e4ngel oder Anomalien an den gelieferten Waren mitzuteilen, damit wir Abhilfe schaffen k\u00f6nnen.<\/p>\n\n\n\n<h2 class=\"wp-block-heading has-medium-font-size\">Datenschutz<\/h2>\n\n\n\n<p style=\"text-transform:none\">Alle pers\u00f6nlichen Daten werden vertraulich behandelt. Die f\u00fcr die Abwicklung der Bestellung erforderlichen Informationen werden elektronisch verarbeitet und k\u00f6nnen im Rahmen der Bestellabwicklung an verbundene Unternehmen weitergegeben werden.<\/p>\n\n\n\n<h2 class=\"wp-block-heading has-medium-font-size\">Geltendes Recht und Gerichtsstand<\/h2>\n\n\n\n<p style=\"text-transform:none\">Das anwendbare Recht ist das Schweizer Recht, und alle Streitigkeiten werden vom Regionalgericht Berner Jura-Seeland behandelt.<\/p>\n\n\n\n\n\n\n\n<p><em>Originalsprache des Textes: Franz\u00f6sisch.<\/em><\/p>\n","protected":false},"excerpt":{"rendered":"<p>Preise Die Preise sind in Schweizer Franken angegeben, Nettobetr\u00e4ge, inklusive Mehrwertsteuer und garantiert. Artikel mit einer Garantie unterliegen den Bedingungen des zum Zeitpunkt des Kaufs g\u00fcltigen Angebots. Die Garantie beginnt mit dem Datum der Lieferung des Artikels, die durch das Begleitdokument (Rechnung) belegt wird, das Sie bitte sorgf\u00e4ltig aufbewahren. Nicht abgedeckt sind: Sch\u00e4den, die durch [&hellip;]<\/p>\n","protected":false},"author":1,"featured_media":0,"parent":0,"menu_order":0,"comment_status":"closed","ping_status":"closed","template":"","meta":{"_acf_changed":false,"footnotes":""},"class_list":["post-1021","page","type-page","status-publish","hentry"],"acf":[],"yoast_head":"<!-- This site is optimized with the Yoast SEO plugin v27.2 - https:\/\/yoast.com\/product\/yoast-seo-wordpress\/ -->\n<title>Allgemeine Gesch\u00e4ftsbedingungen &#8211; Niko Logs<\/title>\n<meta name=\"robots\" content=\"index, follow, max-snippet:-1, max-image-preview:large, max-video-preview:-1\" \/>\n<link rel=\"canonical\" href=\"https:\/\/nikologs.ch\/de\/allgemeine-geschaeftsbedingungen\/\" \/>\n<meta property=\"og:locale\" content=\"de_DE\" \/>\n<meta property=\"og:type\" content=\"article\" \/>\n<meta property=\"og:title\" content=\"Allgemeine Gesch\u00e4ftsbedingungen &#8211; Niko Logs\" \/>\n<meta property=\"og:description\" content=\"Preise Die Preise sind in Schweizer Franken angegeben, Nettobetr\u00e4ge, inklusive Mehrwertsteuer und garantiert. Artikel mit einer Garantie unterliegen den Bedingungen des zum Zeitpunkt des Kaufs g\u00fcltigen Angebots. Die Garantie beginnt mit dem Datum der Lieferung des Artikels, die durch das Begleitdokument (Rechnung) belegt wird, das Sie bitte sorgf\u00e4ltig aufbewahren. Nicht abgedeckt sind: Sch\u00e4den, die durch [&hellip;]\" \/>\n<meta property=\"og:url\" content=\"https:\/\/nikologs.ch\/de\/allgemeine-geschaeftsbedingungen\/\" \/>\n<meta property=\"og:site_name\" content=\"Niko Logs\" \/>\n<meta property=\"article:publisher\" content=\"https:\/\/www.facebook.com\/NikoLogs\" \/>\n<meta property=\"article:modified_time\" content=\"2024-03-07T07:48:28+00:00\" \/>\n<meta property=\"og:image\" content=\"https:\/\/nikologs.ch\/wp-content\/uploads\/2024\/01\/nikologs-banner.png\" \/>\n\t<meta property=\"og:image:width\" content=\"1200\" \/>\n\t<meta property=\"og:image:height\" content=\"675\" \/>\n\t<meta property=\"og:image:type\" content=\"image\/png\" \/>\n<meta name=\"twitter:card\" content=\"summary_large_image\" \/>\n<meta name=\"twitter:label1\" content=\"Gesch\u00e4tzte Lesezeit\" \/>\n\t<meta name=\"twitter:data1\" content=\"2\u00a0Minuten\" \/>\n<script type=\"application\/ld+json\" class=\"yoast-schema-graph\">{\"@context\":\"https:\/\/schema.org\",\"@graph\":[{\"@type\":\"WebPage\",\"@id\":\"https:\/\/nikologs.ch\/de\/allgemeine-geschaeftsbedingungen\/\",\"url\":\"https:\/\/nikologs.ch\/de\/allgemeine-geschaeftsbedingungen\/\",\"name\":\"Allgemeine Gesch\u00e4ftsbedingungen &#8211; Niko Logs\",\"isPartOf\":{\"@id\":\"https:\/\/nikologs.ch\/de\/#website\"},\"datePublished\":\"2023-11-13T17:09:27+00:00\",\"dateModified\":\"2024-03-07T07:48:28+00:00\",\"breadcrumb\":{\"@id\":\"https:\/\/nikologs.ch\/de\/allgemeine-geschaeftsbedingungen\/#breadcrumb\"},\"inLanguage\":\"de\",\"potentialAction\":[{\"@type\":\"ReadAction\",\"target\":[\"https:\/\/nikologs.ch\/de\/allgemeine-geschaeftsbedingungen\/\"]}]},{\"@type\":\"BreadcrumbList\",\"@id\":\"https:\/\/nikologs.ch\/de\/allgemeine-geschaeftsbedingungen\/#breadcrumb\",\"itemListElement\":[{\"@type\":\"ListItem\",\"position\":1,\"name\":\"Accueil\",\"item\":\"https:\/\/nikologs.ch\/de\/\"},{\"@type\":\"ListItem\",\"position\":2,\"name\":\"Allgemeine Gesch\u00e4ftsbedingungen\"}]},{\"@type\":\"WebSite\",\"@id\":\"https:\/\/nikologs.ch\/de\/#website\",\"url\":\"https:\/\/nikologs.ch\/de\/\",\"name\":\"Nikologs\",\"description\":\"Constructions en rondins bruts \u2013 Naturstamm Holzbau\",\"publisher\":{\"@id\":\"https:\/\/nikologs.ch\/de\/#organization\"},\"potentialAction\":[{\"@type\":\"SearchAction\",\"target\":{\"@type\":\"EntryPoint\",\"urlTemplate\":\"https:\/\/nikologs.ch\/de\/?s={search_term_string}\"},\"query-input\":{\"@type\":\"PropertyValueSpecification\",\"valueRequired\":true,\"valueName\":\"search_term_string\"}}],\"inLanguage\":\"de\"},{\"@type\":\"Organization\",\"@id\":\"https:\/\/nikologs.ch\/de\/#organization\",\"name\":\"Nikologs\",\"url\":\"https:\/\/nikologs.ch\/de\/\",\"logo\":{\"@type\":\"ImageObject\",\"inLanguage\":\"de\",\"@id\":\"https:\/\/nikologs.ch\/de\/#\/schema\/logo\/image\/\",\"url\":\"https:\/\/nikologs.ch\/wp-content\/uploads\/2024\/01\/logo-nikologs-1.png\",\"contentUrl\":\"https:\/\/nikologs.ch\/wp-content\/uploads\/2024\/01\/logo-nikologs-1.png\",\"width\":420,\"height\":440,\"caption\":\"Nikologs\"},\"image\":{\"@id\":\"https:\/\/nikologs.ch\/de\/#\/schema\/logo\/image\/\"},\"sameAs\":[\"https:\/\/www.facebook.com\/NikoLogs\",\"https:\/\/www.instagram.com\/nikologs.orvin\/\",\"https:\/\/www.youtube.com\/c\/NikoLogs\"]}]}<\/script>\n<!-- \/ Yoast SEO plugin. -->","yoast_head_json":{"title":"Allgemeine Gesch\u00e4ftsbedingungen &#8211; Niko Logs","robots":{"index":"index","follow":"follow","max-snippet":"max-snippet:-1","max-image-preview":"max-image-preview:large","max-video-preview":"max-video-preview:-1"},"canonical":"https:\/\/nikologs.ch\/de\/allgemeine-geschaeftsbedingungen\/","og_locale":"de_DE","og_type":"article","og_title":"Allgemeine Gesch\u00e4ftsbedingungen &#8211; Niko Logs","og_description":"Preise Die Preise sind in Schweizer Franken angegeben, Nettobetr\u00e4ge, inklusive Mehrwertsteuer und garantiert. Artikel mit einer Garantie unterliegen den Bedingungen des zum Zeitpunkt des Kaufs g\u00fcltigen Angebots. Die Garantie beginnt mit dem Datum der Lieferung des Artikels, die durch das Begleitdokument (Rechnung) belegt wird, das Sie bitte sorgf\u00e4ltig aufbewahren. Nicht abgedeckt sind: Sch\u00e4den, die durch [&hellip;]","og_url":"https:\/\/nikologs.ch\/de\/allgemeine-geschaeftsbedingungen\/","og_site_name":"Niko Logs","article_publisher":"https:\/\/www.facebook.com\/NikoLogs","article_modified_time":"2024-03-07T07:48:28+00:00","og_image":[{"width":1200,"height":675,"url":"https:\/\/nikologs.ch\/wp-content\/uploads\/2024\/01\/nikologs-banner.png","type":"image\/png"}],"twitter_card":"summary_large_image","twitter_misc":{"Gesch\u00e4tzte Lesezeit":"2\u00a0Minuten"},"schema":{"@context":"https:\/\/schema.org","@graph":[{"@type":"WebPage","@id":"https:\/\/nikologs.ch\/de\/allgemeine-geschaeftsbedingungen\/","url":"https:\/\/nikologs.ch\/de\/allgemeine-geschaeftsbedingungen\/","name":"Allgemeine Gesch\u00e4ftsbedingungen &#8211; Niko Logs","isPartOf":{"@id":"https:\/\/nikologs.ch\/de\/#website"},"datePublished":"2023-11-13T17:09:27+00:00","dateModified":"2024-03-07T07:48:28+00:00","breadcrumb":{"@id":"https:\/\/nikologs.ch\/de\/allgemeine-geschaeftsbedingungen\/#breadcrumb"},"inLanguage":"de","potentialAction":[{"@type":"ReadAction","target":["https:\/\/nikologs.ch\/de\/allgemeine-geschaeftsbedingungen\/"]}]},{"@type":"BreadcrumbList","@id":"https:\/\/nikologs.ch\/de\/allgemeine-geschaeftsbedingungen\/#breadcrumb","itemListElement":[{"@type":"ListItem","position":1,"name":"Accueil","item":"https:\/\/nikologs.ch\/de\/"},{"@type":"ListItem","position":2,"name":"Allgemeine Gesch\u00e4ftsbedingungen"}]},{"@type":"WebSite","@id":"https:\/\/nikologs.ch\/de\/#website","url":"https:\/\/nikologs.ch\/de\/","name":"Nikologs","description":"Constructions en rondins bruts \u2013 Naturstamm Holzbau","publisher":{"@id":"https:\/\/nikologs.ch\/de\/#organization"},"potentialAction":[{"@type":"SearchAction","target":{"@type":"EntryPoint","urlTemplate":"https:\/\/nikologs.ch\/de\/?s={search_term_string}"},"query-input":{"@type":"PropertyValueSpecification","valueRequired":true,"valueName":"search_term_string"}}],"inLanguage":"de"},{"@type":"Organization","@id":"https:\/\/nikologs.ch\/de\/#organization","name":"Nikologs","url":"https:\/\/nikologs.ch\/de\/","logo":{"@type":"ImageObject","inLanguage":"de","@id":"https:\/\/nikologs.ch\/de\/#\/schema\/logo\/image\/","url":"https:\/\/nikologs.ch\/wp-content\/uploads\/2024\/01\/logo-nikologs-1.png","contentUrl":"https:\/\/nikologs.ch\/wp-content\/uploads\/2024\/01\/logo-nikologs-1.png","width":420,"height":440,"caption":"Nikologs"},"image":{"@id":"https:\/\/nikologs.ch\/de\/#\/schema\/logo\/image\/"},"sameAs":["https:\/\/www.facebook.com\/NikoLogs","https:\/\/www.instagram.com\/nikologs.orvin\/","https:\/\/www.youtube.com\/c\/NikoLogs"]}]}},"_links":{"self":[{"href":"https:\/\/nikologs.ch\/de\/wp-json\/wp\/v2\/pages\/1021","targetHints":{"allow":["GET"]}}],"collection":[{"href":"https:\/\/nikologs.ch\/de\/wp-json\/wp\/v2\/pages"}],"about":[{"href":"https:\/\/nikologs.ch\/de\/wp-json\/wp\/v2\/types\/page"}],"author":[{"embeddable":true,"href":"https:\/\/nikologs.ch\/de\/wp-json\/wp\/v2\/users\/1"}],"replies":[{"embeddable":true,"href":"https:\/\/nikologs.ch\/de\/wp-json\/wp\/v2\/comments?post=1021"}],"version-history":[{"count":0,"href":"https:\/\/nikologs.ch\/de\/wp-json\/wp\/v2\/pages\/1021\/revisions"}],"wp:attachment":[{"href":"https:\/\/nikologs.ch\/de\/wp-json\/wp\/v2\/media?parent=1021"}],"curies":[{"name":"wp","href":"https:\/\/api.w.org\/{rel}","templated":true}]}}